{"id":18046,"date":"2018-09-29T13:06:36","date_gmt":"2018-09-29T16:06:36","guid":{"rendered":"https:\/\/alacip.org\/?page_id=18046"},"modified":"2018-09-29T19:16:08","modified_gmt":"2018-09-29T22:16:08","slug":"estudiante-de-grado","status":"publish","type":"page","link":"https:\/\/alacip.org\/?page_id=18046","title":{"rendered":"Estudiante de Grado"},"content":{"rendered":"<p>Hola,<\/p>\n<p>Si has a\u00f1adido su c\u00f3pia del certificado de inscripci\u00f3n, vamos a analizar tu comprobante y te retornaremos por email confirmando tu membres\u00eda.<\/p>\n<p>Muchas gracias,<\/p>\n<p>Secretar\u00eda Administrativa<br \/>\nALACIP<\/p>\n","protected":false},"excerpt":{"rendered":"<p>Hola, Si has a\u00f1adido su c\u00f3pia del certificado de inscripci\u00f3n, vamos a analizar tu comprobante y te retornaremos por email confirmando tu membres\u00eda. Muchas gracias, Secretar\u00eda Administrativa ALACIP<\/p>\n","protected":false},"author":88889,"featured_media":0,"parent":0,"menu_order":0,"comment_status":"closed","ping_status":"closed","template":"","meta":{"_genesis_hide_title":false,"_genesis_hide_breadcrumbs":false,"_genesis_hide_singular_image":false,"_genesis_hide_footer_widgets":false,"_genesis_custom_body_class":"","_genesis_custom_post_class":"","_genesis_layout":"","footnotes":""},"class_list":{"0":"post-18046","1":"page","2":"type-page","3":"status-publish","5":"entry"},"_links":{"self":[{"href":"https:\/\/alacip.org\/index.php?rest_route=\/wp\/v2\/pages\/18046","targetHints":{"allow":["GET"]}}],"collection":[{"href":"https:\/\/alacip.org\/index.php?rest_route=\/wp\/v2\/pages"}],"about":[{"href":"https:\/\/alacip.org\/index.php?rest_route=\/wp\/v2\/types\/page"}],"author":[{"embeddable":true,"href":"https:\/\/alacip.org\/index.php?rest_route=\/wp\/v2\/users\/88889"}],"replies":[{"embeddable":true,"href":"https:\/\/alacip.org\/index.php?rest_route=%2Fwp%2Fv2%2Fcomments&post=18046"}],"version-history":[{"count":2,"href":"https:\/\/alacip.org\/index.php?rest_route=\/wp\/v2\/pages\/18046\/revisions"}],"predecessor-version":[{"id":18058,"href":"https:\/\/alacip.org\/index.php?rest_route=\/wp\/v2\/pages\/18046\/revisions\/18058"}],"wp:attachment":[{"href":"https:\/\/alacip.org\/index.php?rest_route=%2Fwp%2Fv2%2Fmedia&parent=18046"}],"curies":[{"name":"wp","href":"https:\/\/api.w.org\/{rel}","templated":true}]}}