{"id":2249,"date":"2011-08-03T02:57:52","date_gmt":"2011-08-03T05:57:52","guid":{"rendered":"https:\/\/www.alacip.org\/?page_id=2249"},"modified":"2025-07-28T16:20:20","modified_gmt":"2025-07-28T19:20:20","slug":"secretaria-general","status":"publish","type":"page","link":"https:\/\/alacip.org\/?page_id=2249","title":{"rendered":"Secretar\u00eda General"},"content":{"rendered":"<p><span style=\"font-size: 14px;\"><span style=\"font-family: verdana, geneva, sans-serif;\"><a href=\"https:\/\/alacip.org\/?attachment_id=7134\" rel=\"attachment wp-att-7134\"><img loading=\"lazy\" decoding=\"async\" class=\"aligncenter size-full wp-image-7134\" src=\"https:\/\/alacip.org\/wp-content\/uploads\/2011\/08\/uenf.png\" alt=\"uenf\" width=\"342\" height=\"157\" srcset=\"https:\/\/alacip.org\/wp-content\/uploads\/2011\/08\/uenf.png 342w, https:\/\/alacip.org\/wp-content\/uploads\/2011\/08\/uenf-300x138.png 300w\" sizes=\"auto, (max-width: 342px) 100vw, 342px\" \/><\/a><br \/>\n<\/span><\/span><\/p>\n<p>La Asociaci\u00f3n tiene su sede en la <strong>Universidade Estadual do Norte Fluminense Darcy Ribeiro (UENF)<\/strong>, en Campos dos Goytacazes, Rio de Janeiro, Brasil. Desde el 2002 hasta el 2008 funcion\u00f3 en el <strong>Instituto Interuniversitario de Estudios de Iberoam\u00e9rica y Portugal <\/strong>de la <strong>Universidad de Salamanca<\/strong> con la Secretaria General encabezada por <strong>Manuel Alc\u00e1ntara<\/strong>. En agosto de 2008 se realiz\u00f3 el IV Congreso Latinoamericano de Ciencia Pol\u00edtica en la ciudad de San Jos\u00e9 de Costa Rica. En ello se aprobaron cambios en el estatuto, se eligieron nuevos integrantes al Comit\u00e9 Ejecutivo, y se decidi\u00f3 por unanimidad elegir a Gl\u00e1ucio Soares como nuevo Secretario General y establecer la Secretaria General en la <strong>Universidade Federal de Minas Gerais (UFMG)<\/strong> en <strong>Belo Horizonte, Brasil<\/strong>. Con la realizaci\u00f3n del V Congreso en Buenos Aires, en 2010, Gl\u00e1ucio Soares fue reelecto para otro mandato ed 2 a\u00f1os y la Secretaria Administrativa de la Asociaci\u00f3n pas\u00f3 para la UENF en 2012.<\/p>\n<p><a href=\"https:\/\/www.alacip.org\/wp-content\/uploads\/2009\/03\/manuel-alcantara-y-glaucio-soares.jpg\"><img loading=\"lazy\" decoding=\"async\" class=\"size-medium wp-image-109 aligncenter\" title=\"Manuel Alcantara y Glaucio Soares\" src=\"https:\/\/www.alacip.org\/wp-content\/uploads\/2009\/03\/manuel-alcantara-y-glaucio-soares-300x225.jpg\" alt=\"\" width=\"300\" height=\"225\" srcset=\"https:\/\/alacip.org\/wp-content\/uploads\/2009\/03\/manuel-alcantara-y-glaucio-soares-300x225.jpg 300w, https:\/\/alacip.org\/wp-content\/uploads\/2009\/03\/manuel-alcantara-y-glaucio-soares-1024x768.jpg 1024w\" sizes=\"auto, (max-width: 300px) 100vw, 300px\" \/><\/a><\/p>\n<p style=\"text-align: center;\"><strong><span style=\"color: #0000ff;\"><span style=\"color: #000000;\"><a title=\"CV Mariana\" href=\"https:\/\/campus.usal.es\/~acpa\/?q=node\/41\">Manuel Alc\u00e1ntara<\/a> | Secretario General, <\/span><span style=\"color: #000000;\">\u00a0per\u00edodo\u00a0 20002-2008\u00a0\u00a0<\/span><\/span><\/strong><\/p>\n<p>Manuel Alc\u00e1ntara S\u00e1ez es catedr\u00e1tico de la Universidad de Salamanca. Licenciado en Ciencias Pol\u00edticas y Sociolog\u00eda (1976) y Doctoren Ciencias Pol\u00edticas (1983) por la Universidad Complutense de Madrid. Sus principales l\u00edneas de investigaci\u00f3n giran en torno al estudio de las elites parlamentarias, los partidos pol\u00edticos y los poderes legislativos en Am\u00e9rica Latina. Fue el primer Secretario General de ALACIP. Tras la realizaci\u00f3n del Primer Congreso Latinoamericano de Ciencia Pol\u00edtica en Salamanca en el a\u00f1o de 2002, se fund\u00f3 la ALACIP y se estructur\u00f3 la realizaci\u00f3n peri\u00f3dica de los Congresos Latinoamericanos de Ciencia Pol\u00edtica.<\/p>\n<p style=\"text-align: center;\"><strong><span style=\"color: #0000ff;\"><span style=\"color: #000000;\"><a title=\"CV Mariana\" href=\"https:\/\/buscatextual.cnpq.br\/buscatextual\/visualizacv.do?metodo=apresentar&amp;id=K4793517D2\">Gl\u00e1ucio Soares<\/a> | Secretario General, <\/span><span style=\"color: #000000;\">\u00a0per\u00edodo\u00a0 2008-2013\u00a0\u00a0<\/span><\/span><\/strong><\/p>\n<p>Gl\u00e1ucio Ary Dillon Soares fue profesor e investigador en el Instituto de Estudios Sociales y Pol\u00edticos de la Universidade do Estado do Rio de Janeiro. Doctor en Sociologia por la Washington University at St Louis Mo (1965), es especialista en criminolog\u00eda y en Sociolog\u00eda Pol\u00edtica, actuando principalmente en los temas de: violencia, homicidios, democracia e reg\u00edmenes dictatoriales. Fue profesor en diversas universidades en Am\u00e9rica Latina, Estados Unidos y Europa. Fue el Secretario General de Alacip entre 2008 y 2013. En su gesti\u00f3n fueron creados los Grupos de Investigaci\u00f3n de ALACIP los cuales han hecho encuentros, reuniones, estableciendo v\u00ednculos entre los investigadores de Am\u00e9rica Latina.<\/p>\n<p><a href=\"https:\/\/alacip.org\/?attachment_id=4841\" rel=\"attachment wp-att-4841\"><img loading=\"lazy\" decoding=\"async\" class=\"wp-image-4841 aligncenter\" src=\"https:\/\/alacip.org\/wp-content\/uploads\/2011\/08\/tres-secretarios-generales-150x150.jpg\" alt=\"tres secretarios generales\" width=\"200\" height=\"200\" \/><\/a><\/p>\n<p style=\"text-align: center;\"><strong><span style=\"color: #0000ff;\"><a title=\"CV Mariana\" href=\"https:\/\/www.giga-hamburg.de\/en\/team\/llanos\">Mariana Llanos<\/a>\u00a0<strong>\u00a0<span style=\"color: #000000;\">| Secretaria General, <\/span><\/strong><span style=\"color: #000000;\">\u00a0<strong>per\u00edodo<\/strong>\u00a0<strong> 2013-2019\u00a0\u00a0<\/strong><\/span><\/span><\/strong><\/p>\n<p>Mariana Llanos, es investigadora del German Institute of Global and Area Studies, GIGA. De nacionalidad argentina, se ha desempe\u00f1ado como coordinadora del Grupo de Investigaci\u00f3n sobre Estudios del Legislativo, GEL-ALACIP. En la reuni\u00f3n mantenida en el 8\u00b0 Congreso Latinoamericano realizado en Lima, Per\u00fa; Mariana Llanos fue reelecta Secretaria General de la Asociaci\u00f3n en su segundo per\u00edodo; as\u00ed como tambi\u00e9n lo fuera en 2017.\u00a0 En 2019 Mariana termina sus funciones como Secretaria General de la Asociaci\u00f3n. En la reuni\u00f3n del Comit\u00e9 Ejecutivo de Monterrey, 2019 es postulado y electo para tal funci\u00f3n Daniel Buquet.<\/p>\n<p><a href=\"https:\/\/alacip.org\/?attachment_id=29545\" rel=\"attachment wp-att-29545\"><img loading=\"lazy\" decoding=\"async\" class=\"wp-image-29545 aligncenter\" src=\"https:\/\/alacip.org\/wp-content\/uploads\/2019\/08\/Fotos-Secretarios.jpg\" alt=\"\" width=\"293\" height=\"220\" srcset=\"https:\/\/alacip.org\/wp-content\/uploads\/2019\/08\/Fotos-Secretarios.jpg 4160w, https:\/\/alacip.org\/wp-content\/uploads\/2019\/08\/Fotos-Secretarios-300x225.jpg 300w, https:\/\/alacip.org\/wp-content\/uploads\/2019\/08\/Fotos-Secretarios-768x576.jpg 768w, https:\/\/alacip.org\/wp-content\/uploads\/2019\/08\/Fotos-Secretarios-1024x768.jpg 1024w\" sizes=\"auto, (max-width: 293px) 100vw, 293px\" \/><\/a><\/p>\n<p style=\"text-align: center;\">\u00a0<a href=\"https:\/\/cienciassociales.edu.uy\/institutodecienciapolitica\/docentes\/daniel-buquet\/\">Daniel Buquet<\/a> | <strong><span style=\"color: #0000ff;\"><span style=\"color: #000000;\">Secretario General,<\/span><span style=\"color: #000000;\">\u00a0per\u00edodo\u00a0 2019-2025\u00a0<\/span><\/span><\/strong><\/p>\n<p><span class=\"caja-linea-arriba\">Doctor en Ciencia Pol\u00edtica por la Facultad Latinoamericana de Ciencias Sociales (FLACSO-M\u00e9xico). Se desempe\u00f1a como Profesor e Investigador del Instituto de Ciencia Pol\u00edtica de la Facultad de Ciencias Sociales de la Universidad de la Rep\u00fablica de Uruguay y ha participado como Profesor invitado en universidades de Am\u00e9rica Latina y Espa\u00f1a. Se especializa en el estudio de los\u00a0 partidos pol\u00edticos y los sistemas electorales en Am\u00e9rica Latina. Es co-autor del libro \u201cFragmentaci\u00f3n Pol\u00edtica y Gobierno en Uruguay: \u00bfUn Enfermo Imaginario?\u201d y ha publicado decenas de art\u00edculos en libros y revistas especializadas. Est\u00e1 categorizado como investigador nivel II en el Sistema Nacional de Investigadores (Agencia Nacional de Investigaci\u00f3n e Innovaci\u00f3n, ANII Uruguay). Fue el primer presidente de la Asociaci\u00f3n Uruguaya de Ciencia Pol\u00edtica (AUCiP), integr\u00f3 el Comit\u00e9 de la International Political Science Association (IPSA) y ya es su segundo pasaje por el Comit\u00e9 Ejecutivo de la Asociaci\u00f3n Latinoamericana de Ciencia Pol\u00edtica (2008 &#8211; 2013).<\/span><\/p>\n<p><img loading=\"lazy\" decoding=\"async\" class=\"aligncenter size-medium wp-image-49724\" src=\"https:\/\/alacip.org\/wp-content\/uploads\/2025\/07\/Magna-Inacio-279x300.jpeg\" alt=\"\" width=\"279\" height=\"300\" srcset=\"https:\/\/alacip.org\/wp-content\/uploads\/2025\/07\/Magna-Inacio-279x300.jpeg 279w, https:\/\/alacip.org\/wp-content\/uploads\/2025\/07\/Magna-Inacio.jpeg 727w\" sizes=\"auto, (max-width: 279px) 100vw, 279px\" \/><\/p>\n<p style=\"text-align: center;\"><a href=\"https:\/\/ppgcp.fafich.ufmg.br\/corpodocdet.php?numaut=14&amp;origem=linha\">Magna In\u00e1cio<\/a> | <strong><span style=\"color: #0000ff;\"><span style=\"color: #000000;\">Secretaria General,<\/span><span style=\"color: #000000;\"> per\u00edodo 2025-2026\u00a0<\/span><\/span><\/strong><\/p>\n<p>Magna In\u00e1cio es Doctora en Ciencia Pol\u00edtica por la Universidad Federal de Minas Gerais (2006), profesora del Departamento y del Programa de Posgrado en Ciencia Pol\u00edtica. Fue coordinadora del Programa de Posgrado en Ciencia Pol\u00edtica y directora del Centro de Estudios Legislativos de la UFMG. Fue miembro del Comit\u00e9 Ejecutivo de ALACIP entre 2017 y 2024. Sus intereses de investigaci\u00f3n incluyen los siguientes temas: democracia, poder legislativo, relaci\u00f3n ejecutivo-legislativo, gobiernos de coalici\u00f3n y presidencia.<\/p>\n","protected":false},"excerpt":{"rendered":"<p>La Asociaci\u00f3n tiene su sede en la Universidade Estadual do Norte Fluminense Darcy Ribeiro (UENF), en Campos dos Goytacazes, Rio de Janeiro, Brasil. Desde el 2002 hasta el 2008 funcion\u00f3 en el Instituto Interuniversitario de Estudios de Iberoam\u00e9rica y Portugal de la Universidad de Salamanca con la Secretaria General encabezada por Manuel Alc\u00e1ntara. En agosto [&hellip;]<\/p>\n","protected":false},"author":88891,"featured_media":0,"parent":0,"menu_order":0,"comment_status":"open","ping_status":"open","template":"","meta":{"_genesis_hide_title":false,"_genesis_hide_breadcrumbs":false,"_genesis_hide_singular_image":false,"_genesis_hide_footer_widgets":false,"_genesis_custom_body_class":"","_genesis_custom_post_class":"","_genesis_layout":"","footnotes":""},"class_list":{"0":"post-2249","1":"page","2":"type-page","3":"status-publish","5":"entry","6":"has-post-thumbnail"},"_links":{"self":[{"href":"https:\/\/alacip.org\/index.php?rest_route=\/wp\/v2\/pages\/2249","targetHints":{"allow":["GET"]}}],"collection":[{"href":"https:\/\/alacip.org\/index.php?rest_route=\/wp\/v2\/pages"}],"about":[{"href":"https:\/\/alacip.org\/index.php?rest_route=\/wp\/v2\/types\/page"}],"author":[{"embeddable":true,"href":"https:\/\/alacip.org\/index.php?rest_route=\/wp\/v2\/users\/88891"}],"replies":[{"embeddable":true,"href":"https:\/\/alacip.org\/index.php?rest_route=%2Fwp%2Fv2%2Fcomments&post=2249"}],"version-history":[{"count":19,"href":"https:\/\/alacip.org\/index.php?rest_route=\/wp\/v2\/pages\/2249\/revisions"}],"predecessor-version":[{"id":49731,"href":"https:\/\/alacip.org\/index.php?rest_route=\/wp\/v2\/pages\/2249\/revisions\/49731"}],"wp:attachment":[{"href":"https:\/\/alacip.org\/index.php?rest_route=%2Fwp%2Fv2%2Fmedia&parent=2249"}],"curies":[{"name":"wp","href":"https:\/\/api.w.org\/{rel}","templated":true}]}}