{"id":2256,"date":"2011-08-03T03:37:57","date_gmt":"2011-08-03T06:37:57","guid":{"rendered":"https:\/\/www.alacip.org\/?page_id=2256"},"modified":"2025-11-06T10:19:54","modified_gmt":"2025-11-06T13:19:54","slug":"grupos-de-investigacion-descripcion","status":"publish","type":"page","link":"https:\/\/alacip.org\/?page_id=2256","title":{"rendered":"Grupos de investigaci\u00f3n"},"content":{"rendered":"<h2><b style=\"font-size: 13px;\">Informaci\u00f3n General<\/b><\/h2>\n<p>Los Grupos de Investigaci\u00f3n (GIs) de la ALACIP tienen como prop\u00f3sito incrementar la colaboraci\u00f3n entre acad\u00e9micos especializados en una misma \u00e1rea tem\u00e1tica mediante la conformaci\u00f3n de redes de cooperaci\u00f3n destinadas a facilitar el intercambio acad\u00e9mico y mejorar la calidad de la producci\u00f3n en Ciencia Pol\u00edtica en Am\u00e9rica Latina. Para cumplir con sus fines, los GIs realizan diversas actividades, entre las que se encuentran:<\/p>\n<ul>\n<li>la construcci\u00f3n y el mantenimiento del \u00a0listado de sus miembros;<\/li>\n<li>la generaci\u00f3n de canales de comunicaci\u00f3n \u2013tanto internos como con el resto de la comunidad pr\u00f3xima al estudio de la realidad pol\u00edtica de la regi\u00f3n-\u00a0 a trav\u00e9s de p\u00e1ginas web, grupos de correo electr\u00f3nico y\/o participaci\u00f3n en redes sociales;<\/li>\n<li>la posibilidad de compartir y discutir noticias, publicaciones y avances de investigaci\u00f3n entre los miembros;<\/li>\n<li>la formaci\u00f3n y presentaci\u00f3n de paneles en los congresos de ALACIP as\u00ed como en otros encuentros de Ciencia Pol\u00edtica;<\/li>\n<li>la organizaci\u00f3n de grupos de trabajo y\/o seminarios internos entre sus miembros;<\/li>\n<li>cualquier otra actividad que genere un intercambio cient\u00edfico y fomento de la investigaci\u00f3n en Ciencia Pol\u00edtica.<\/li>\n<\/ul>\n<p>Todos los miembros efectivos de ALACIP tienen derecho a participar en uno o m\u00e1s de los grupos establecidos. Para mayor informaci\u00f3n sobre los GIs conformados puede acceder a los mismos en los \u00a0siguientes enlaces.<\/p>\n<p><a href=\"#membro\">Membres\u00eda<\/a><\/p>\n<p><a href=\"#crea\">Creaci\u00f3n y gesti\u00f3n<\/a><\/p>\n<p><a href=\"#grupo\">Grupos<\/a><\/p>\n<div id=\"membro\"><b>Membres\u00eda<\/b><\/div>\n<p>Los\/as interesados\/as en integrar uno o m\u00e1s grupos de investigaci\u00f3n deben ser miembros efectivos de la ALACIP (estar al d\u00eda con su cuota anual). Para pertenecer a un grupo, los miembros de ALACIP deben entrar en contacto directamente con la coordinaci\u00f3n del Grupo por correo electr\u00f3nico. Los nombres y direcciones de email de los\/las coordinadores\/as, as\u00ed como otras informaciones relevantes sobre los Grupos de Investigaci\u00f3n de ALACIP puede ser consultada en el enlace correspondiente de la lista de abajo.<\/p>\n<div id=\"crea\"><b>Creaci\u00f3n y gesti\u00f3n<\/b><\/div>\n<p><i>Creaci\u00f3n. \u00a0<\/i><\/p>\n<p>La creaci\u00f3n de los grupos de investigaci\u00f3n es autorizada por el Comit\u00e9 Ejecutivo y la Secretar\u00eda General de ALACIP en cooperaci\u00f3n con la Comisi\u00f3n de Gesti\u00f3n de GIs que funciona al interior del CE (art.20 del Estatuto).<\/p>\n<p>Quienes deseen proponer la creaci\u00f3n de un nuevo grupo deben rellenar un cuestionario que se encuentra disponible a solicitud de los\/as interesados\/as en la Secretar\u00eda Administrativa (enviar email a contato@alacip.org). Este deber\u00e1 ser remitido a la Comisi\u00f3n de Gesti\u00f3n de GIs, con copia a la Secretaria Administativa. La comisi\u00f3n \u00a0aceptar\u00e1 a la creaci\u00f3n de grupos nuevos siempre y cuando se trate de \u00e1reas no cubiertas por los grupos ya existentes y cuya conformaci\u00f3n est\u00e9 justificada.<\/p>\n<p><i>Gesti\u00f3n.<\/i><\/p>\n<p>ALACIP apoya la actividad de sus grupos de diversas maneras:<\/p>\n<ol>\n<li>dando a publicidad la informaci\u00f3n sobre sus actividades y novedades en la p\u00e1gina web;<\/li>\n<li>garantizando el espacio para sus reuniones y paneles en los Congresos de la asociaci\u00f3n;<\/li>\n<li>asistiendo en la organizaci\u00f3n de sus propias reuniones y actividades<\/li>\n<li>subsidiando algunas de sus actividades.<\/li>\n<\/ol>\n<p>Los GIs son aut\u00f3nomos en su organizaci\u00f3n y funcionamiento, aunque a partir de su constituci\u00f3n se comprometen con la ALACIP a:<\/p>\n<ol>\n<li>La presentaci\u00f3n de un informe bianual de sus actividades a la comisi\u00f3n de GIs del consejo ejecutivo.<\/li>\n<\/ol>\n<ol start=\"2\">\n<li>El respeto a los principios democr\u00e1ticos, tanto para la elecci\u00f3n de sus coordinadores como para la toma de decisiones internas.<\/li>\n<li>La generaci\u00f3n de reglas de funcionamiento interno y\u00a0 la elecci\u00f3n peri\u00f3dica de coordinadores.<\/li>\n<li>Cualquier subsidio o ayuda econ\u00f3mica otorgada desde el comit\u00e9 ejecutivo requerir\u00e1 como contrapartida la presentaci\u00f3n de un informe de gesti\u00f3n de actividades y gastos.<\/li>\n<\/ol>\n<p>Los GIs deben procurar en su conformaci\u00f3n cumplir con los siguientes criterios para enriquecer el intercambio:<\/p>\n<ol>\n<li>la integraci\u00f3n de instituciones y pa\u00edses diferentes<\/li>\n<li>la integraci\u00f3n de enfoques te\u00f3ricos y metodol\u00f3gicos diferentes en el estudio del \u00e1rea de inter\u00e9s<\/li>\n<\/ol>\n<p><strong><i>Disoluci\u00f3n<\/i><\/strong><\/p>\n<p><i> <\/i>La ALACIP espera contar con grupos de investigaci\u00f3n activos y din\u00e1micos.<\/p>\n<p>La falta de actividad puede conducir al cese de un grupo. Se considerar\u00e1 como inactivo un grupo que as\u00ed lo ponga de manifiesto por su coordinaci\u00f3n y\/o que no demuestre actividad en dos congresos consecutivos de la asociaci\u00f3n.<\/p>\n<div id=\"grupo\"><strong>Grupos de Investigaci\u00f3n de ALACIP<\/strong>:<\/div>\n<div><\/div>\n<p><a href=\"https:\/\/alacip.org\/?p=2809\">Alacip\u200c Joven | J\u00f3venes investigadores de Am\u00e9rica Latina<\/a><\/p>\n<p><a href=\"https:\/\/alacip.org\/?p=2846\">An\u00e1lisis\u200c Espacial\u200c en\u200c America\u200c Latina | Espacio ALACIP<\/a><\/p>\n<p><a href=\"https:\/\/alacip.org\/?p=2754\">Comunicaci\u00f3n\u200c Pol\u00edtica\u200c y\u200c Comportamiento\u200c Electoral | LATICOM<\/a><\/p>\n<p><a href=\"https:\/\/alacip.org\/?p=2766\">Democratizaci\u00f3n\u200c en\u200c la\u200c Am\u00e9rica\u200c Latina\u200c en\u200c Perspectiva\u200c Comparada | DALC<\/a><\/p>\n<p><a href=\"https:\/\/alacip.org\/?p=8142\" target=\"_blank\" rel=\"noopener\">Elites en Am\u00e9rica Latina | ELITES<\/a><\/p>\n<p><a href=\"https:\/\/alacip.org\/?p=4194\">Estado,\u200c Instituciones\u200c y\u200c Desarrollo | GIEID<\/a><\/p>\n<p><a href=\"https:\/\/alacip.org\/?p=4715\">Estudios del Ejecutivo | GEE<\/a><\/p>\n<p><a href=\"https:\/\/alacip.org\/?p=2797\">G\u00e9nero\u200c y\u200c pol\u00edtica <\/a><\/p>\n<p><a href=\"https:\/\/alacip.org\/?c=up&amp;&amp;cat=42\">Historia\u200c de\u200c la\u200c Ciencia\u200c Pol\u00edtica\u200c en\u200c Am\u00e9rica\u200c Latina<\/a><\/p>\n<p><a href=\"https:\/\/alacip.org\/?p=6083\">Ideas, Discursos y Pol\u00edtica | IDEAS<\/a><\/p>\n<p><a href=\"https:\/\/alacip.org\/?p=4116\">Legislativos\u200c en\u200c Am\u00e9rica\u200c Latina | GEL\u00a0<\/a><\/p>\n<p><a href=\"https:\/\/alacip.org\/?p=2843\">Opini\u00f3n\u200c P\u00fablica,\u200c Comportamiento\u200c Pol\u00edtico\u200c y\u200c Elecciones | GIOCE<\/a><\/p>\n<p><a title=\"Participaci\u00f3n y Pol\u00edtica\" href=\"https:\/\/alacip.org\/?p=4617\">Participaci\u00f3n Pol\u00edtica en Am\u00e9rica Latina <\/a><\/p>\n<p><a href=\"https:\/\/alacip.org\/?p=2741\">Partidos\u200c y\u200c Sistemas\u200c de\u200c Partidos | GIPSAL<\/a><\/p>\n<p><a href=\"https:\/\/alacip.org\/?p=2792\">Poder\u200c Judicial\u200c en\u200c Am\u00e9rica\u200c Latina | GIJAL<\/a><\/p>\n<p><a href=\"https:\/\/alacip.org\/?p=4244\">Pol\u00edtica y Gobiernos Subnacionales en Am\u00e9rica Latina | GOPSAL<\/a><\/p>\n<p><a title=\"Pol\u00edticas P\u00falicas Comparadas\" href=\"https:\/\/alacip.org\/?p=5067\">Pol\u00edticas P\u00fablicas Comparadas | GIPPC<\/a><\/p>\n<p><a href=\"https:\/\/alacip.org\/?p=4742\" target=\"new\" rel=\"noopener\">Pol\u00edticas P\u00fablicas y Protecci\u00f3n Social | GIPPPS<\/a><\/p>\n<p><a style=\"line-height: 1.5em;\" title=\"Grupo de Relaciones Internacionales\" href=\"https:\/\/alacip.org\/?p=5124\" target=\"_blank\" rel=\"noopener\">Grupo de Relaciones Internacionales | GRI<\/a><\/p>\n<p><a href=\"https:\/\/alacip.org\/?page_id=11862\">Seguridad Ciudadana y Estudios de Conflicto<\/a><\/p>\n<p><a href=\"https:\/\/alacip.org\/?p=11790\">Teor\u00eda Pol\u00edtica<\/a><\/p>\n","protected":false},"excerpt":{"rendered":"<p>Informaci\u00f3n General Los Grupos de Investigaci\u00f3n (GIs) de la ALACIP tienen como prop\u00f3sito incrementar la colaboraci\u00f3n entre acad\u00e9micos especializados en una misma \u00e1rea tem\u00e1tica mediante la conformaci\u00f3n de redes de cooperaci\u00f3n destinadas a facilitar el intercambio acad\u00e9mico y mejorar la calidad de la producci\u00f3n en Ciencia Pol\u00edtica en Am\u00e9rica Latina. Para cumplir con sus fines, [&hellip;]<\/p>\n","protected":false},"author":88891,"featured_media":0,"parent":0,"menu_order":0,"comment_status":"open","ping_status":"open","template":"","meta":{"_genesis_hide_title":false,"_genesis_hide_breadcrumbs":false,"_genesis_hide_singular_image":false,"_genesis_hide_footer_widgets":false,"_genesis_custom_body_class":"","_genesis_custom_post_class":"","_genesis_layout":"","footnotes":""},"class_list":{"0":"post-2256","1":"page","2":"type-page","3":"status-publish","5":"entry"},"_links":{"self":[{"href":"https:\/\/alacip.org\/index.php?rest_route=\/wp\/v2\/pages\/2256","targetHints":{"allow":["GET"]}}],"collection":[{"href":"https:\/\/alacip.org\/index.php?rest_route=\/wp\/v2\/pages"}],"about":[{"href":"https:\/\/alacip.org\/index.php?rest_route=\/wp\/v2\/types\/page"}],"author":[{"embeddable":true,"href":"https:\/\/alacip.org\/index.php?rest_route=\/wp\/v2\/users\/88891"}],"replies":[{"embeddable":true,"href":"https:\/\/alacip.org\/index.php?rest_route=%2Fwp%2Fv2%2Fcomments&post=2256"}],"version-history":[{"count":42,"href":"https:\/\/alacip.org\/index.php?rest_route=\/wp\/v2\/pages\/2256\/revisions"}],"predecessor-version":[{"id":50207,"href":"https:\/\/alacip.org\/index.php?rest_route=\/wp\/v2\/pages\/2256\/revisions\/50207"}],"wp:attachment":[{"href":"https:\/\/alacip.org\/index.php?rest_route=%2Fwp%2Fv2%2Fmedia&parent=2256"}],"curies":[{"name":"wp","href":"https:\/\/api.w.org\/{rel}","templated":true}]}}