{"id":39440,"date":"2021-01-21T09:30:54","date_gmt":"2021-01-21T12:30:54","guid":{"rendered":"https:\/\/alacip.org\/?page_id=39440"},"modified":"2024-09-10T18:00:37","modified_gmt":"2024-09-10T21:00:37","slug":"publicaciones-de-la-editorial-alacip","status":"publish","type":"page","link":"https:\/\/alacip.org\/?page_id=39440","title":{"rendered":"Publicaciones de la editorial ALACIP"},"content":{"rendered":"\n<div class=\"wp-block-media-text alignwide is-stacked-on-mobile\" style=\"grid-template-columns:22% auto\"><figure class=\"wp-block-media-text__media\"><a href=\"https:\/\/alacip.org\/wp-content\/uploads\/2024\/09\/Politicas-Publicas-Comparadasen-America-Latina-1_page-0001-3-scaled.jpg\"><img loading=\"lazy\" decoding=\"async\" width=\"712\" height=\"1024\" src=\"https:\/\/alacip.org\/wp-content\/uploads\/2024\/09\/Politicas-Publicas-Comparadasen-America-Latina-1_page-0001-3-712x1024.jpg\" alt=\"\" class=\"wp-image-47860 size-full\" srcset=\"https:\/\/alacip.org\/wp-content\/uploads\/2024\/09\/Politicas-Publicas-Comparadasen-America-Latina-1_page-0001-3-712x1024.jpg 712w, https:\/\/alacip.org\/wp-content\/uploads\/2024\/09\/Politicas-Publicas-Comparadasen-America-Latina-1_page-0001-3-209x300.jpg 209w, https:\/\/alacip.org\/wp-content\/uploads\/2024\/09\/Politicas-Publicas-Comparadasen-America-Latina-1_page-0001-3-768x1104.jpg 768w, https:\/\/alacip.org\/wp-content\/uploads\/2024\/09\/Politicas-Publicas-Comparadasen-America-Latina-1_page-0001-3-1068x1536.jpg 1068w, https:\/\/alacip.org\/wp-content\/uploads\/2024\/09\/Politicas-Publicas-Comparadasen-America-Latina-1_page-0001-3-1425x2048.jpg 1425w, https:\/\/alacip.org\/wp-content\/uploads\/2024\/09\/Politicas-Publicas-Comparadasen-America-Latina-1_page-0001-3-scaled.jpg 1781w\" sizes=\"auto, (max-width: 712px) 100vw, 712px\" \/><\/a><\/figure><div class=\"wp-block-media-text__content\">\n<h2 class=\"wp-block-heading\">2024 &#8211; <a href=\"https:\/\/alacip.org\/?p=47851\" target=\"_blank\" rel=\"noreferrer noopener\">Pol\u00edticas p\u00fablicas comparadas en Am\u00e9rica Latina: discusiones te\u00f3ricas y acci\u00f3n gubernamental en tiempos turbulentos<\/a><\/h2>\n\n\n\n<div style=\"height:100px\" aria-hidden=\"true\" class=\"wp-block-spacer\"><\/div>\n<\/div><\/div>\n\n\n\n<div style=\"height:100px\" aria-hidden=\"true\" class=\"wp-block-spacer\"><\/div>\n\n\n\n<div class=\"wp-block-media-text alignwide is-stacked-on-mobile\" style=\"grid-template-columns:22% auto\"><figure class=\"wp-block-media-text__media\"><a href=\"https:\/\/alacip.org\/wp-content\/uploads\/2023\/03\/image-7.png\"><img loading=\"lazy\" decoding=\"async\" width=\"551\" height=\"781\" src=\"https:\/\/alacip.org\/wp-content\/uploads\/2023\/03\/image-7.png\" alt=\"\" class=\"wp-image-46168 size-full\" srcset=\"https:\/\/alacip.org\/wp-content\/uploads\/2023\/03\/image-7.png 551w, https:\/\/alacip.org\/wp-content\/uploads\/2023\/03\/image-7-212x300.png 212w\" sizes=\"auto, (max-width: 551px) 100vw, 551px\" \/><\/a><\/figure><div class=\"wp-block-media-text__content\">\n<h2 class=\"wp-block-heading\">2023 &#8211; <a href=\"https:\/\/alacip.org\/?p=46167\" target=\"_blank\" rel=\"noreferrer noopener\">Caminos de la ciencia pol\u00edtica: movimientos sociales y estallidos sociales en Am\u00e9rica Latina<\/a><\/h2>\n\n\n\n<div style=\"height:100px\" aria-hidden=\"true\" class=\"wp-block-spacer\"><\/div>\n<\/div><\/div>\n\n\n\n<div style=\"height:100px\" aria-hidden=\"true\" class=\"wp-block-spacer\"><\/div>\n\n\n\n<div class=\"wp-block-media-text alignwide is-stacked-on-mobile\" style=\"grid-template-columns:22% auto\"><figure class=\"wp-block-media-text__media\"><img loading=\"lazy\" decoding=\"async\" width=\"647\" height=\"895\" src=\"https:\/\/alacip.org\/wp-content\/uploads\/2021\/10\/Capa-2.png\" alt=\"\" class=\"wp-image-42246 size-full\" srcset=\"https:\/\/alacip.org\/wp-content\/uploads\/2021\/10\/Capa-2.png 647w, https:\/\/alacip.org\/wp-content\/uploads\/2021\/10\/Capa-2-217x300.png 217w\" sizes=\"auto, (max-width: 647px) 100vw, 647px\" \/><\/figure><div class=\"wp-block-media-text__content\">\n<h2 class=\"wp-block-heading\"><strong>2021 <\/strong>&#8211;<a href=\"https:\/\/alacip.org\/?p=42244\" target=\"_blank\" rel=\"noreferrer noopener\"> \u00abDemocratizaci\u00f3n, inestabilidad y desigualdades en Am\u00e9rica Latina\u00bb ogs. Danilo Uz\u00eada da Cruz e Elizabeth Ruano-Ibarra.<\/a><\/h2>\n\n\n\n<p><\/p>\n\n\n\n<div style=\"height:100px\" aria-hidden=\"true\" class=\"wp-block-spacer\"><\/div>\n<\/div><\/div>\n\n\n\n<div style=\"height:100px\" aria-hidden=\"true\" class=\"wp-block-spacer\"><\/div>\n\n\n\n<div class=\"wp-block-media-text alignwide is-stacked-on-mobile\" style=\"grid-template-columns:22% auto\"><figure class=\"wp-block-media-text__media\"><img loading=\"lazy\" decoding=\"async\" width=\"393\" height=\"528\" src=\"https:\/\/alacip.org\/wp-content\/uploads\/2021\/10\/portadaLivro-ALACIPJoven.png\" alt=\"\" class=\"wp-image-42114 size-full\" srcset=\"https:\/\/alacip.org\/wp-content\/uploads\/2021\/10\/portadaLivro-ALACIPJoven.png 393w, https:\/\/alacip.org\/wp-content\/uploads\/2021\/10\/portadaLivro-ALACIPJoven-223x300.png 223w\" sizes=\"auto, (max-width: 393px) 100vw, 393px\" \/><\/figure><div class=\"wp-block-media-text__content\">\n<h2 class=\"wp-block-heading\"> 2020 &#8211; <a rel=\"noreferrer noopener\" href=\"https:\/\/alacip.org\/?p=35305\" target=\"_blank\">\u00abAm\u00e9rica Latina en foco: Nuevas perspectivas de an\u00e1lisis sobre la regi\u00f3n.\u00bb Orgs: SOUZA; SCHWENDENWEIN; HOLANDA; GUALDA \u2013 Grupo Alacip Joven<\/a> <\/h2>\n\n\n\n<p><\/p>\n<\/div><\/div>\n\n\n\n<div style=\"height:100px\" aria-hidden=\"true\" class=\"wp-block-spacer\"><\/div>\n\n\n\n<div class=\"wp-block-media-text alignwide is-stacked-on-mobile\" style=\"grid-template-columns:22% auto\"><figure class=\"wp-block-media-text__media\"><img loading=\"lazy\" decoding=\"async\" width=\"212\" height=\"300\" src=\"https:\/\/alacip.org\/wp-content\/uploads\/2017\/11\/Workshop-GIEID-pdf-212x300-1.jpg\" alt=\"\" class=\"wp-image-42109 size-full\"\/><\/figure><div class=\"wp-block-media-text__content\">\n<h2 class=\"wp-block-heading\"> 2017 &#8211; \u00ab<a rel=\"noreferrer noopener\" href=\"https:\/\/alacip.org\/?p=16075\" target=\"_blank\">Estado, Pol\u00edtica e Desenvolvimento: para uma agenda de pesquisa\u00bb \u2013 Memorias del Workshop del Grupo de Estado, Instituciones y Desarrollo, Rio de Janeiro<\/a> <\/h2>\n<\/div><\/div>\n\n\n\n<div style=\"height:100px\" aria-hidden=\"true\" class=\"wp-block-spacer\"><\/div>\n\n\n\n<h3 class=\"wp-block-heading\"><mark style=\"background-color:rgba(0, 0, 0, 0)\" class=\"has-inline-color has-cyan-bluish-gray-color\">Si desea\/n colaborar con las publicaciones de ALACIP pueden descargar el documento con las instrucciones para el proceso de publicaci\u00f3n bajo el sello editorial ALACIP. <\/mark><\/h3>\n\n\n\n<div data-wp-interactive=\"core\/file\" class=\"wp-block-file\"><object data-wp-bind--hidden=\"!state.hasPdfPreview\" hidden class=\"wp-block-file__embed\" data=\"https:\/\/alacip.org\/wp-content\/uploads\/2021\/10\/Comision-de-Publicaciones-Requisitos-publicaciones-ALACIP.pdf\" type=\"application\/pdf\" style=\"width:100%;height:600px\" aria-label=\"Incrustado de Comision-de-Publicaciones-Requisitos-publicaciones-ALACIP.\"><\/object><a id=\"wp-block-file--media-6657b950-16d2-45fd-ae04-ad6f2dd3e030\" href=\"https:\/\/alacip.org\/wp-content\/uploads\/2021\/10\/Comision-de-Publicaciones-Requisitos-publicaciones-ALACIP.pdf\">Comision-de-Publicaciones-Requisitos-publicaciones-ALACIP<\/a><a href=\"https:\/\/alacip.org\/wp-content\/uploads\/2021\/10\/Comision-de-Publicaciones-Requisitos-publicaciones-ALACIP.pdf\" class=\"wp-block-file__button wp-element-button\" download aria-describedby=\"wp-block-file--media-6657b950-16d2-45fd-ae04-ad6f2dd3e030\">Descarga<\/a><\/div>\n","protected":false},"excerpt":{"rendered":"<p>2020 &#8211; \u00abAm\u00e9rica Latina en foco: Nuevas perspectivas de an\u00e1lisis sobre la regi\u00f3n.\u00bb Orgs: SOUZA; SCHWENDENWEIN; HOLANDA; GUALDA \u2013 Grupo Alacip Joven 2017 &#8211; \u00abEstado, Pol\u00edtica e Desenvolvimento: para uma agenda de pesquisa\u00bb \u2013 Memorias del Workshop del Grupo de Estado, Instituciones y Desarrollo, Rio de Janeiro Si desea\/n colaborar con las publicaciones de ALACIP [&hellip;]<\/p>\n","protected":false},"author":88890,"featured_media":0,"parent":0,"menu_order":0,"comment_status":"closed","ping_status":"closed","template":"","meta":{"_genesis_hide_title":false,"_genesis_hide_breadcrumbs":false,"_genesis_hide_singular_image":false,"_genesis_hide_footer_widgets":false,"_genesis_custom_body_class":"","_genesis_custom_post_class":"","_genesis_layout":"","footnotes":""},"class_list":{"0":"post-39440","1":"page","2":"type-page","3":"status-publish","5":"entry","6":"has-post-thumbnail"},"_links":{"self":[{"href":"https:\/\/alacip.org\/index.php?rest_route=\/wp\/v2\/pages\/39440","targetHints":{"allow":["GET"]}}],"collection":[{"href":"https:\/\/alacip.org\/index.php?rest_route=\/wp\/v2\/pages"}],"about":[{"href":"https:\/\/alacip.org\/index.php?rest_route=\/wp\/v2\/types\/page"}],"author":[{"embeddable":true,"href":"https:\/\/alacip.org\/index.php?rest_route=\/wp\/v2\/users\/88890"}],"replies":[{"embeddable":true,"href":"https:\/\/alacip.org\/index.php?rest_route=%2Fwp%2Fv2%2Fcomments&post=39440"}],"version-history":[{"count":16,"href":"https:\/\/alacip.org\/index.php?rest_route=\/wp\/v2\/pages\/39440\/revisions"}],"predecessor-version":[{"id":47862,"href":"https:\/\/alacip.org\/index.php?rest_route=\/wp\/v2\/pages\/39440\/revisions\/47862"}],"wp:attachment":[{"href":"https:\/\/alacip.org\/index.php?rest_route=%2Fwp%2Fv2%2Fmedia&parent=39440"}],"curies":[{"name":"wp","href":"https:\/\/api.w.org\/{rel}","templated":true}]}}