{"id":3965,"date":"2012-12-18T20:05:16","date_gmt":"2012-12-18T23:05:16","guid":{"rendered":"https:\/\/alacip.org\/?page_id=3965"},"modified":"2019-06-13T18:18:32","modified_gmt":"2019-06-13T21:18:32","slug":"livros","status":"publish","type":"page","link":"https:\/\/alacip.org\/?page_id=3965","title":{"rendered":"Libros"},"content":{"rendered":"\n<ul class=\"wp-block-list\"><li> <a href=\"https:\/\/alacip.org\/?p=28235\">Lan\u00e7amento de livro \u00abAm\u00e9rica Latina em seu labirinto\u00bb \u2013 Fabr\u00edcio Pereira da Silva (Unirio, Brasil)<\/a> <\/li><li><a href=\"https:\/\/alacip.org\/?p=27519\">Lanzamiento de libro \u00abLos Ciclos Pol\u00edticos y Econ\u00f3micos de Am\u00e9rica Latina y el Boom de las Materias Primas\u00bb (Coordinadores: Francisco S\u00e1nchez y Mercedes Garc\u00eda Montero)<\/a><\/li><\/ul>\n","protected":false},"excerpt":{"rendered":"<p>Lan\u00e7amento de livro \u00abAm\u00e9rica Latina em seu labirinto\u00bb \u2013 Fabr\u00edcio Pereira da Silva (Unirio, Brasil) Lanzamiento de libro \u00abLos Ciclos Pol\u00edticos y Econ\u00f3micos de Am\u00e9rica Latina y el Boom de las Materias Primas\u00bb (Coordinadores: Francisco S\u00e1nchez y Mercedes Garc\u00eda Montero)<\/p>\n","protected":false},"author":88889,"featured_media":0,"parent":0,"menu_order":0,"comment_status":"open","ping_status":"open","template":"page_blog.php","meta":{"_genesis_hide_title":false,"_genesis_hide_breadcrumbs":false,"_genesis_hide_singular_image":false,"_genesis_hide_footer_widgets":false,"_genesis_custom_body_class":"","_genesis_custom_post_class":"","_genesis_layout":"","footnotes":""},"class_list":{"0":"post-3965","1":"page","2":"type-page","3":"status-publish","5":"entry","6":"has-post-thumbnail"},"_links":{"self":[{"href":"https:\/\/alacip.org\/index.php?rest_route=\/wp\/v2\/pages\/3965","targetHints":{"allow":["GET"]}}],"collection":[{"href":"https:\/\/alacip.org\/index.php?rest_route=\/wp\/v2\/pages"}],"about":[{"href":"https:\/\/alacip.org\/index.php?rest_route=\/wp\/v2\/types\/page"}],"author":[{"embeddable":true,"href":"https:\/\/alacip.org\/index.php?rest_route=\/wp\/v2\/users\/88889"}],"replies":[{"embeddable":true,"href":"https:\/\/alacip.org\/index.php?rest_route=%2Fwp%2Fv2%2Fcomments&post=3965"}],"version-history":[{"count":5,"href":"https:\/\/alacip.org\/index.php?rest_route=\/wp\/v2\/pages\/3965\/revisions"}],"predecessor-version":[{"id":28244,"href":"https:\/\/alacip.org\/index.php?rest_route=\/wp\/v2\/pages\/3965\/revisions\/28244"}],"wp:attachment":[{"href":"https:\/\/alacip.org\/index.php?rest_route=%2Fwp%2Fv2%2Fmedia&parent=3965"}],"curies":[{"name":"wp","href":"https:\/\/api.w.org\/{rel}","templated":true}]}}