{"id":41537,"date":"2021-08-13T10:58:27","date_gmt":"2021-08-13T13:58:27","guid":{"rendered":"https:\/\/alacip.org\/?page_id=41537"},"modified":"2021-08-13T11:02:42","modified_gmt":"2021-08-13T14:02:42","slug":"politica-de-privacidad","status":"publish","type":"page","link":"https:\/\/alacip.org\/?page_id=41537","title":{"rendered":"Pol\u00edtica de Privacidad"},"content":{"rendered":"\n<p><strong>I-\u00bfQuie\u0301n es el\/la Responsable del tratamiento de sus datos?<\/strong><\/p>\n\n\n\n<p>La presente pol\u00edtica de privacidad (en adelante, la \u201cPoli\u0301tica de Privacidad\u201d) aplica a todos los datos de cara\u0301cter personal que el Usuario aporte a la Asociaci\u00f3n Latinoamericana de Ciencia Pol\u00edtica (ALACIP), con domicilio en Av. Alberto Lamego n\u00ba 2000, Parque Calif\u00f3rnia, Universidade Estadual do Norte Fluminense Darcy Ribeiro, Campos dos Goytacazes, Rio de Janeiro, Brasil (en adelante, el \u201cResponsable del Tratamiento\u201d o \u201d ALACIP\u201d).<br>A los efectos de la presente Pol\u00edtica de Privacidad, debe entenderse como \u201cUsuario\u201d a toda persona f\u00edsica interesada en los contenidos y servicios que ALACIP ofrece a trav\u00e9s de sus p\u00e1ginas web, redes sociales, otras plataformas online de terceros y presencialmente. ALACIP, como responsable del tratamiento, solicitara\u0301, con car\u00e1cter previo a la aportaci\u00f3n de sus datos de car\u00e1cter personal, el consentimiento expreso del Usuario a la presente Pol\u00edtica de Privacidad, cuando as\u00ed \u0301 sea necesario y a cualquier otro aspecto que requiera la previa autorizaci\u00f3n del mismo. El objetivo de la Pol\u00edtica de Privacidad del ALACIP es dar transparencia a la informaci\u00f3n de c\u00f3mo tratamos sus datos y proteger la informaci\u00f3n en Internet y los datos que el Usuario pueda facilitarnos.<br>El Usuario podr\u00e1 \u0301 ponerse en contacto con ALACIP a trav\u00e9s de contato@alacip.org ante cualquier duda o necesidad que tuviere en materia de protecci\u00f3n de datos.<\/p>\n\n\n\n<p><br><strong>II.- \u00bfCon que\u0301 finalidad tratamos sus datos personales?<\/strong><\/p>\n\n\n\n<p>Por la presente se informa al Usuario que ALACIP podr\u00e1\u0301 tratar los datos de car\u00e1cter personal que el Usuario facilite para beneficiarse de algunos de los contenidos o servicios de ALACIP, para las finalidades que se indican a continuaci\u00f3n y no para otras, en la medida en que exista una base legal para cada tratamiento seg\u00fan se explica m\u00e1s adelante:<br>Facilitar el acceso a contenidos, informaci\u00f3n de eventos y otras actividades relacionadas con la ciencia pol\u00edtica y los objetivos de ALACIP.<br>La gesti\u00f3n de todas sus solicitudes de informaci\u00f3n y reclamaciones.<br>Informarle, por cualquier medio, incluyendo el env\u00edo de comunicaciones a la direcci\u00f3n de correo electr\u00f3nico que usted nos facilite, informaci\u00f3n sobre los contenidos y servicios de ALACIP.<br>La mejora de la experiencia de usuario es realizada a trav\u00e9s de informaci\u00f3n proporcionada por el mismo usuario, propios o de terceros, adaptada a sus intereses. En este ultimo punto le requerimos siempre su consentimiento que podra\u0301 revocarlo en cualquier momento a trav\u00e9s de contato@alacip.org<br>La anonimizacio\u0301n de sus datos personales con fines estad\u00edsticos y de an\u00e1lisis.<br>El tratamiento y comunicaci\u00f3n de sus datos a las Administraciones P\u00fablicas correspondientes, en caso solicitado, con el fin de dar cumplimiento a obligaciones legales.<br>Todo el tratamiento que ALACIP hace de sus datos personales est\u00e1 destinado a mejorar la experiencia de usuario cuando accede a nuestra p\u00e1gina web. ALACIP no utiliza datos personales para fines comerciales, los anuncios que aparecen en su p\u00e1gina web son de car\u00e1cter acad\u00e9mico y no publicitario.<\/p>\n\n\n\n<p><br><strong>III.- \u00bfCu\u00e1l es la legitimaci\u00f3n para el tratamiento de sus datos personales?<\/strong><\/p>\n\n\n\n<p>La base legal para el tratamiento de los datos para la finalidad ser\u00e1 \u0301 el consentimiento del Usuario, en caso de que se haya solicitado y otorgado.<br>En ning\u00fan caso ALACIP ceder\u00e1, explotara\u0301 estos datos o los destinara\u0301 a un uso distinto del aqu\u00ed \u0301 indicado expresamente.<br>A solicitud de sus miembros, ALACIP, o cualquier instituci\u00f3n acad\u00e9mica, puede ceder datos personales para su utilizaci\u00f3n acad\u00e9mica e investigativa. Nunca con fines comerciales.<\/p>\n\n\n\n<p><br><strong>IV.- \u00bfPor cu\u00e1nto tiempo conservamos nuestros datos personales?<\/strong><\/p>\n\n\n\n<p>ALACIP conservara\u0301 los datos de sus Usuarios mientras dure el inter\u00e9s por parte de \u00e9ste en los contenidos y los servicios ofrecidos; desde el momento en que el Usuario solicite su baja de los servicios ofrecidos por ALACIP se bloqueara el acceso a los datos del usuario de manera definitiva, siendo imposible que cualquier agente, incluido ALACIP, pueda consultarlos.<br>El historial de datos de membres\u00eda a ALACIP es de uso exclusivamente de ALACIP, o de quien oportunamente lo solicite con exclusividad de fines acad\u00e9micos. Los datos financieros de la membres\u00eda a ALACIP nunca son compartidos con terceros, con excepci\u00f3n del veh\u00edculo de pago utilizado (Paypal).<\/p>\n\n\n\n<p><br><strong>V.- \u00bfQui\u00e9n tiene acceso a sus datos personales?<\/strong><\/p>\n\n\n\n<p>Una \u00f3ptima prestaci\u00f3n del servicio que ALACIP ofrece puede requerir que otros terceros prestadores de servicios de ALACIP accedan a los datos personales del Usuario como encargados del tratamiento.<br>Sus datos personales podr\u00e1n ser cedidos a terceros con los que el Usuario interact\u00fae, por ejemplo Paypal al momento del pago de la membres\u00eda, con la finalidad de poder proporcionarle una correcta prestaci\u00f3n de los Servicios de autenticaci\u00f3n y acreditaci\u00f3n de informaci\u00f3n por medios electr\u00f3nicos. La prestaci\u00f3n de los servicios implicara\u0301 tambi\u00e9n el intercambio de informaci\u00f3n relevante con la entidad proveedora.<br>Adem\u00e1s de lo anterior, ALACIP podr\u00e1 \u0301 realizar cesiones o comunicaciones de datos personales para atender sus obligaciones con las Administraciones P\u00fablicas en los casos que as\u00ed \u0301 se requiera de acuerdo con la legislaci\u00f3n vigente en cada momento y en su caso.<\/p>\n\n\n\n<p><br><strong>VI.- \u00bfCu\u00e1les son los derechos de los Usuarios?<\/strong><\/p>\n\n\n\n<p>ALACIP informa al Usuario sobre la posibilidad que le asiste de ejercitar los derechos de acceso, rectificacio\u0301n, oposicio\u0301n, supresio\u0301n, portabilidad y limitacio\u0301n del tratamiento asi\u0301 como a rechazar el tratamiento automatizado de los datos personales recogidos por ALACIP.<br>Dichos derechos podra\u0301n ser ejercitados gratuitamente por el Usuario, y en su caso quien lo represente, mediante solicitud escrita y firmada dirigida a la siguiente direcci\u00f3n de correo electronico: alacip@alacip.org. Dicha solicitud debera\u0301 contener en el asunto la referencia \u201cDatos personales\u201d y debera\u0301 incluir los siguientes datos: nombre y apellidos del Usuario, email de contacto, factura de membres\u00eda a ALACIP y peticio\u0301n en que se concreta la solicitud.<br>Adema\u0301s de los anteriores derechos, el Usuario tendra\u0301 derecho a retirar el consentimiento otorgado en cualquier momento mediante el procedimiento ma\u0301s arriba descrito, sin que dicha retirada de consentimiento afecte a la licitud del tratamiento anterior a la retirada del mismo.<\/p>\n\n\n\n<p><strong>VII.- Baja en el servicio del envi\u0301o de comunicaciones<\/strong><\/p>\n\n\n\n<p>Tal y como se ha mencionado en el apartado anterior, el Usuario tiene derecho a revocar en cualquier momento el consentimiento prestado para el envi\u0301o de comunicaciones con la simple notificacio\u0301n a ALACIP por la cual informa que no desea seguir recibiendo comunicaciones. Para ello, el Usuario podra\u0301 o bien revocar su consentimiento en la forma descrita en el apartado anterior o bien pinchar en el enlace incluido en cada comunicacio\u0301n comercial cancelando por tanto, el envi\u0301o de comunicaciones electro\u0301nicas.<br><\/p>\n\n\n\n<p><strong>VIII.- Uso de cookies<\/strong><\/p>\n\n\n\n<p>ALACIP podra\u0301 utilizar \u201ccookies\u201d cuando usted navegue por sus sitios web. Las \u201ccookies\u201d son ficheros enviados a un navegador por medio de un servidor web para el mantenimiento de la sesio\u0301n de navegacio\u0301n almacenando la direccio\u0301n IP de su equipo y otros posibles datos de navegacio\u0301n. Las \u201cbeacons\u201d son ima\u0301genes electro\u0301nicas que permiten al sitio web contar el nu\u0301mero de visitantes y Usuarios que han ingresado a un sitio web en particular y acceder a ciertas \u201ccookies\u201d. Gracias a las \u201ccookies\u201d, resulta posible que el servidor de ALACIP, reconozca el navegador del ordenador utilizado por el Usuario. De esta forma, se pretende facilitar la navegacio\u0301n y mejorar la experiencia del Usuario, asi\u0301 como medir la audiencia y para\u0301metros del tra\u0301fico (mediante \u201cbeacons\u201d), controlar el progreso y nu\u0301mero de entradas, utiliza\u0301ndose la informacio\u0301n contenida en las \u201ccookies\u201d de forma desvinculada respecto de cualquier otro dato de cara\u0301cter personal que pudiera constar del Usuario.<br>El Usuario tiene la posibilidad de configurar su navegador para ser avisado en pantalla de la recepcio\u0301n de \u201ccookies\u201d y para impedir su instalacio\u0301n en su disco duro.<br><\/p>\n\n\n\n<p><strong>ANEXO: Pol\u00edtica de cookies<\/strong><\/p>\n\n\n\n<p>Una cookie es un peque\u00f1o fichero de texto que se almacena en su navegador cuando visita casi cualquier p\u00e1gina web. Su utilidad es que la web sea capaz de recordar su visita cuando vuelva a navegar por esa p\u00e1gina. Las cookies suelen almacenar informaci\u00f3n de car\u00e1cter t\u00e9cnico, preferencias personales, personalizaci\u00f3n de contenidos, estad\u00edsticas de uso, enlaces a redes sociales, acceso a cuentas de usuario, etc. El objetivo de la cookie es adaptar el contenido de la web a su perfil y necesidades, sin cookies los servicios ofrecidos por cualquier p\u00e1gina se ver\u00edan mermados notablemente. En ning\u00fan caso ALACIP utiliza datos particulares en las cookies, no accedemos a la identidad del usuario.<\/p>\n\n\n\n<p><br><strong>Cookies utilizadas en este sitio web<\/strong><\/p>\n\n\n\n<p><strong>Este sitio web utiliza las siguientes cookies propias:<\/strong><br>Cookies de sesi\u00f3n, para garantizar que los usuarios que escriban comentarios en el blog sean humanos y no aplicaciones automatizadas. De esta forma se combate el spam. El captcha de seguridad de Alacip es una cookie,  que monitora y compara al usuario con la base de datos de usuarios o comportamientos inseguros, para impedir o bloquear las amenazas.<\/p>\n\n\n\n<p><strong>Este sitio web utiliza las siguientes cookies de terceros:<\/strong><\/p>\n\n\n\n<p>Google Analytics: Almacena cookies para poder elaborar estad\u00edsticas sobre el tr\u00e1fico y volumen de visitas de esta web. Al utilizar este sitio web est\u00e1 consintiendo el tratamiento de informaci\u00f3n acerca de usted por Google. Por tanto, el ejercicio de cualquier derecho en este sentido deber\u00e1 hacerlo comunicando directamente con Google.<\/p>\n\n\n\n<p><\/p>\n\n\n\n<p>Redes sociales: Cada red social utiliza sus propias cookies para que usted pueda pinchar en botones del tipo Me gusta o Compartir.<\/p>\n\n\n\n<p><strong>Desactivaci\u00f3n o eliminaci\u00f3n de cookies<\/strong><\/p>\n\n\n\n<p>En cualquier momento podr\u00e1 ejercer su derecho de desactivaci\u00f3n o eliminaci\u00f3n de cookies de este sitio web. Estas acciones se realizan de forma diferente en funci\u00f3n del navegador que est\u00e9 usando. Cada browser o navegador tiene sus propias configuraciones para bloquear cookies, esto puede hacerse desde su propio computador a trav\u00e9s de las configuraciones de su navegador.<\/p>\n\n\n\n<p><strong>Notas adicionales<\/strong><br>Ni esta web ni sus representantes legales se hacen responsables ni del contenido ni de la veracidad de las pol\u00edticas de privacidad que puedan tener los terceros mencionados en esta pol\u00edtica de cookies.<br>Los navegadores web son las herramientas encargadas de almacenar las cookies y desde este lugar debe efectuar su derecho a eliminaci\u00f3n o desactivaci\u00f3n de las mismas. Ni esta web ni sus representantes legales pueden garantizar la correcta o incorrecta manipulaci\u00f3n de las cookies por parte de los mencionados navegadores.<br>En algunos casos es necesario instalar cookies para que el navegador no olvide su decisi\u00f3n de no aceptaci\u00f3n de las mismas.<br>En el caso de las cookies de Google Analytics, esta empresa almacena las cookies en servidores ubicados en Estados Unidos y se compromete a no compartirla con terceros, excepto en los casos en los que sea necesario para el funcionamiento del sistema o cuando la ley obligue a tal efecto.<\/p>\n","protected":false},"excerpt":{"rendered":"<p>I-\u00bfQuie\u0301n es el\/la Responsable del tratamiento de sus datos? La presente pol\u00edtica de privacidad (en adelante, la \u201cPoli\u0301tica de Privacidad\u201d) aplica a todos los datos de cara\u0301cter personal que el Usuario aporte a la Asociaci\u00f3n Latinoamericana de Ciencia Pol\u00edtica (ALACIP), con domicilio en Av. Alberto Lamego n\u00ba 2000, Parque Calif\u00f3rnia, Universidade Estadual do Norte Fluminense [&hellip;]<\/p>\n","protected":false},"author":88889,"featured_media":0,"parent":0,"menu_order":0,"comment_status":"closed","ping_status":"closed","template":"","meta":{"_genesis_hide_title":false,"_genesis_hide_breadcrumbs":false,"_genesis_hide_singular_image":false,"_genesis_hide_footer_widgets":false,"_genesis_custom_body_class":"","_genesis_custom_post_class":"","_genesis_layout":"","footnotes":""},"class_list":{"0":"post-41537","1":"page","2":"type-page","3":"status-publish","5":"entry"},"_links":{"self":[{"href":"https:\/\/alacip.org\/index.php?rest_route=\/wp\/v2\/pages\/41537","targetHints":{"allow":["GET"]}}],"collection":[{"href":"https:\/\/alacip.org\/index.php?rest_route=\/wp\/v2\/pages"}],"about":[{"href":"https:\/\/alacip.org\/index.php?rest_route=\/wp\/v2\/types\/page"}],"author":[{"embeddable":true,"href":"https:\/\/alacip.org\/index.php?rest_route=\/wp\/v2\/users\/88889"}],"replies":[{"embeddable":true,"href":"https:\/\/alacip.org\/index.php?rest_route=%2Fwp%2Fv2%2Fcomments&post=41537"}],"version-history":[{"count":3,"href":"https:\/\/alacip.org\/index.php?rest_route=\/wp\/v2\/pages\/41537\/revisions"}],"predecessor-version":[{"id":41540,"href":"https:\/\/alacip.org\/index.php?rest_route=\/wp\/v2\/pages\/41537\/revisions\/41540"}],"wp:attachment":[{"href":"https:\/\/alacip.org\/index.php?rest_route=%2Fwp%2Fv2%2Fmedia&parent=41537"}],"curies":[{"name":"wp","href":"https:\/\/api.w.org\/{rel}","templated":true}]}}