{"id":45350,"date":"2022-11-10T15:04:19","date_gmt":"2022-11-10T18:04:19","guid":{"rendered":"https:\/\/alacip.org\/?page_id=45350"},"modified":"2025-01-26T16:39:55","modified_gmt":"2025-01-26T19:39:55","slug":"anais-de-los-congresos-alacip","status":"publish","type":"page","link":"https:\/\/alacip.org\/?page_id=45350","title":{"rendered":"Mem\u00f3rias dos Congressos ALACIP &#8211; Expediente"},"content":{"rendered":"\n<h3 class=\"wp-block-heading\">Memorias de los Congresos ALACIP &#8211; Informaci\u00f3n editorial<\/h3>\n\n\n\n<div class=\"wp-block-columns is-layout-flex wp-container-core-columns-is-layout-9d6595d7 wp-block-columns-is-layout-flex\">\n<div class=\"wp-block-column is-layout-flow wp-block-column-is-layout-flow\">\n<h4 class=\"wp-block-heading has-text-align-center has-text-color has-background\" style=\"color:#2f698b;background-color:#dbe8f2\"><a href=\"https:\/\/alacip.org\/?page_id=45350\">Expediente<\/a><\/h4>\n<\/div>\n\n\n\n<div class=\"wp-block-column is-layout-flow wp-block-column-is-layout-flow\">\n<h4 class=\"wp-block-heading has-text-align-center has-text-color has-background\" style=\"color:#2f698b;background-color:#eff9ff\"><a href=\"https:\/\/alacip.org\/?page_id=45376\">Atual<\/a><\/h4>\n<\/div>\n\n\n\n<div class=\"wp-block-column is-layout-flow wp-block-column-is-layout-flow\">\n<h4 class=\"wp-block-heading has-text-align-center has-text-color has-background\" style=\"color:#2f698b;background-color:#eff9ff\"><a href=\"https:\/\/alacip.org\/?page_id=45394\">Anteriores<\/a><\/h4>\n<\/div>\n<\/div>\n\n\n\n<h2 class=\"wp-block-heading\">Expediente &#8211; Associa\u00e7\u00e3o Latino-americana de Ci\u00eancia Pol\u00edtica<\/h2>\n\n\n\n<p><strong>Periodicidade da publica\u00e7\u00e3o<\/strong>:  a cada dois anos.&nbsp;<\/p>\n\n\n\n<p><strong>Idiomas aceitos para os artigos:<\/strong> espanhol, ingl\u00eas e portugu\u00eas.<\/p>\n\n\n\n<p><strong>Institui\u00e7\u00e3o respons\u00e1vel:<\/strong> <\/p>\n\n\n\n<h3 class=\"wp-block-heading\">Asociaci\u00f3n Latinoamericana de Ciencia Pol\u00edtica. <\/h3>\n\n\n\n<p><\/p>\n\n\n\n<p><strong>Endere\u00e7o:<\/strong> Centro de Ci\u00eancias do Homem, Laborat\u00f3rio de Gest\u00e3o e Pol\u00edticas P\u00fablicas, Universidade Estadual do Norte Fluminense. Avenida Alberto Lamego, num. 2000 Parque California,&nbsp;Campos dos Goytacazes<em>, <\/em>Rio de Janeiro<em>.&nbsp;<\/em>Brasil.<\/p>\n\n\n\n<p><strong>Normas para publica\u00e7\u00e3o<\/strong> <strong>por ano<\/strong>: <a href=\"https:\/\/alacip.org\/?p=2888\">2013<\/a>, <a href=\"https:\/\/alacip.org\/?p=6029\">2015<\/a>, <a href=\"https:\/\/alacip.org\/?p=7048\">2017<\/a>, <a href=\"https:\/\/alacip.org\/?p=17355\">2019<\/a>, <a href=\"https:\/\/alacip.org\/?p=29707\">2022<\/a>, <a href=\"https:\/\/alacip.org\/?p=44456\">2024<\/a><\/p>\n\n\n\n<p class=\"has-background\" style=\"background-color:#fdfcfc\"><strong>International Standard Serial Number:<\/strong>  <strong>ISSN<\/strong> <strong>2965-016X<\/strong>&nbsp;<\/p>\n\n\n\n<h3 class=\"wp-block-heading\">Informaci\u00f3n editorial<\/h3>\n\n\n\n<p><em><strong>Periodicidad de publicaci\u00f3n<\/strong>:  cada dos a\u00f1os.&nbsp;<\/em><\/p>\n\n\n\n<p><strong><em>I<\/em><\/strong><em><strong>dioma(s):<\/strong> espa\u00f1ol, ingl\u00e9s y portugu\u00e9s.&nbsp;<\/em><\/p>\n\n\n\n<p><em><strong>Instituci\u00f3n responsable<\/strong>: Asociaci\u00f3n Latinoamericana de Ciencia Pol\u00edtica. <\/em><\/p>\n\n\n\n<p><em>Centro de Ci\u00eancias do Homem, Laborat\u00f3rio de Gest\u00e3o e Pol\u00edticas P\u00fablicas, Universidade Estadual do Norte Fluminense. <\/em><\/p>\n\n\n\n<p><em><strong>Direcci\u00f3n:<\/strong> Avenida Alberto Lamego, num. 2000 Parque California,&nbsp;Campos dos Goytacazes, Rio de Janeiro.&nbsp;Brasil<\/em><\/p>\n\n\n\n<p><em><strong>Normas de publicaci\u00f3n por a\u00f1o<\/strong>: <a href=\"https:\/\/alacip.org\/?p=2888\">2013<\/a>, <a href=\"https:\/\/alacip.org\/?p=6029\">2015<\/a>, <a href=\"https:\/\/alacip.org\/?p=7048\">2017<\/a>, <a href=\"https:\/\/alacip.org\/?p=17355\">2019<\/a>, <a href=\"https:\/\/alacip.org\/?p=29707\">2022<\/a><\/em>, <a href=\"https:\/\/alacip.org\/?p=44456\">2024<\/a><\/p>\n\n\n\n<p class=\"has-background\" style=\"background-color:#fdfcfc\"><strong>International Standard Serial Number:<\/strong> ISSN 2317-7004<\/p>\n","protected":false},"excerpt":{"rendered":"<p>Memorias de los Congresos ALACIP &#8211; Informaci\u00f3n editorial Expediente Atual Anteriores Expediente &#8211; Associa\u00e7\u00e3o Latino-americana de Ci\u00eancia Pol\u00edtica Periodicidade da publica\u00e7\u00e3o: a cada dois anos.&nbsp; Idiomas aceitos para os artigos: espanhol, ingl\u00eas e portugu\u00eas. Institui\u00e7\u00e3o respons\u00e1vel: Asociaci\u00f3n Latinoamericana de Ciencia Pol\u00edtica. Endere\u00e7o: Centro de Ci\u00eancias do Homem, Laborat\u00f3rio de Gest\u00e3o e Pol\u00edticas P\u00fablicas, Universidade Estadual [&hellip;]<\/p>\n","protected":false},"author":88889,"featured_media":0,"parent":45425,"menu_order":0,"comment_status":"closed","ping_status":"closed","template":"","meta":{"_genesis_hide_title":false,"_genesis_hide_breadcrumbs":false,"_genesis_hide_singular_image":false,"_genesis_hide_footer_widgets":false,"_genesis_custom_body_class":"","_genesis_custom_post_class":"","_genesis_layout":"","footnotes":""},"class_list":{"0":"post-45350","1":"page","2":"type-page","3":"status-publish","5":"entry"},"_links":{"self":[{"href":"https:\/\/alacip.org\/index.php?rest_route=\/wp\/v2\/pages\/45350","targetHints":{"allow":["GET"]}}],"collection":[{"href":"https:\/\/alacip.org\/index.php?rest_route=\/wp\/v2\/pages"}],"about":[{"href":"https:\/\/alacip.org\/index.php?rest_route=\/wp\/v2\/types\/page"}],"author":[{"embeddable":true,"href":"https:\/\/alacip.org\/index.php?rest_route=\/wp\/v2\/users\/88889"}],"replies":[{"embeddable":true,"href":"https:\/\/alacip.org\/index.php?rest_route=%2Fwp%2Fv2%2Fcomments&post=45350"}],"version-history":[{"count":36,"href":"https:\/\/alacip.org\/index.php?rest_route=\/wp\/v2\/pages\/45350\/revisions"}],"predecessor-version":[{"id":48716,"href":"https:\/\/alacip.org\/index.php?rest_route=\/wp\/v2\/pages\/45350\/revisions\/48716"}],"up":[{"embeddable":true,"href":"https:\/\/alacip.org\/index.php?rest_route=\/wp\/v2\/pages\/45425"}],"wp:attachment":[{"href":"https:\/\/alacip.org\/index.php?rest_route=%2Fwp%2Fv2%2Fmedia&parent=45350"}],"curies":[{"name":"wp","href":"https:\/\/api.w.org\/{rel}","templated":true}]}}