{"id":45376,"date":"2022-11-10T16:11:36","date_gmt":"2022-11-10T19:11:36","guid":{"rendered":"https:\/\/alacip.org\/?page_id=45376"},"modified":"2025-02-02T13:37:14","modified_gmt":"2025-02-02T16:37:14","slug":"congresso-atual","status":"publish","type":"page","link":"https:\/\/alacip.org\/?page_id=45376","title":{"rendered":"Mem\u00f3rias dos Congressos ALACIP &#8211; Atual 2024"},"content":{"rendered":"\n<h3 class=\"wp-block-heading\">Memorias de los Congresos ALACIP &#8211; Actual 2024<\/h3>\n\n\n\n<div class=\"wp-block-columns is-layout-flex wp-container-core-columns-is-layout-9d6595d7 wp-block-columns-is-layout-flex\">\n<div class=\"wp-block-column is-layout-flow wp-block-column-is-layout-flow\">\n<h4 class=\"wp-block-heading has-text-align-center has-text-color has-background\" style=\"color:#2f698b;background-color:#eff9ff\"><a href=\"https:\/\/alacip.org\/?page_id=45350\">Expediente<\/a><\/h4>\n<\/div>\n\n\n\n<div class=\"wp-block-column is-layout-flow wp-block-column-is-layout-flow\">\n<h4 class=\"wp-block-heading has-text-align-center has-text-color has-background\" style=\"color:#2f698b;background-color:#dbe8f2\"><a href=\"https:\/\/alacip.org\/?page_id=45394\">Atual<\/a><\/h4>\n<\/div>\n\n\n\n<div class=\"wp-block-column is-layout-flow wp-block-column-is-layout-flow\">\n<h4 class=\"wp-block-heading has-text-align-center has-text-color has-background\" style=\"color:#2f698b;background-color:#eff9ff\"><a href=\"https:\/\/alacip.org\/?page_id=45394\">Anteriores<\/a><\/h4>\n<\/div>\n<\/div>\n\n\n\n<h3 class=\"wp-block-heading\"><strong>12\u00ba Congreso Latinoamericano de Ciencia Pol\u00edtica \u2013 ALACIP<\/strong><\/h3>\n\n\n\n<p><strong><strong>17 al 20 de julio de 2024<\/strong>&nbsp;en la sede del ISCTE, en&nbsp;<strong>Lisboa, Portugal<\/strong>.<\/strong><\/p>\n\n\n\n<p><strong>Comit\u00e9 Organizador Local<\/strong><\/p>\n\n\n\n<p>Marcelo Moriconi \u2013 Centre for International Studies, Iscte<\/p>\n\n\n\n<p>Ana M\u00f3nica Fonseca \u2013 Centre for International Studies, Iscte<\/p>\n\n\n\n<p>C\u00e1tia Miriam Costa \u2013 Centre for International Studies, Iscte<\/p>\n\n\n\n<p>Patricia Calca \u2013 Centre for Research and Studies in Sociology, Iscte<\/p>\n\n\n\n<p>Andres Malamud \u2013 Social Sciences Institute, University of Lisbon<\/p>\n\n\n\n<p>Marcelo Camerlo \u2013 Social Sciences Institute, University of Lisbon<\/p>\n\n\n\n<p>Magdalena Lopez \u2013 Centre for International Studies, Iscte<\/p>\n\n\n\n<p>Nancy Gomes \u2013 OBSERVARE, Universidade Aut\u00f3noma de Lisboa<\/p>\n\n\n\n<p>Carmen Fonseca \u2013 Instituto Portugu\u00eas de Rela\u00e7\u00f5es Internacionais, Universidade Nova de Lisboa<\/p>\n\n\n\n<p>Pedro Seabra \u2013 Centre for International Studies, Iscte<\/p>\n\n\n\n<p>Elena Barahona (Universidade de Salamanca)<\/p>\n\n\n\n<p>Beatriz Rey (EACH da Universidade de S\u00e3o Paulo)<\/p>\n\n\n\n<p>Agust\u00edn Ferraro&nbsp;(Universidade de Salamanca)<\/p>\n\n\n\n<p>Andr\u00e9 Freire (ISCTE)<\/p>\n\n\n\n<p class=\"has-background\" style=\"background-color:#f4f6f8\">Las ponencias presentadas en el 12\u00ba Congreso Latinoamericano de Ciencia Pol\u00edtica siguieron las reglas de participaci\u00f3n oportunamente publicadas. <a href=\"https:\/\/alacip.org\/?p=44456\">Lea el informe del 12\u00ba Congreso.<\/a><\/p>\n\n\n\n<div class=\"wp-block-buttons is-content-justification-center is-layout-flex wp-container-core-buttons-is-layout-16018d1d wp-block-buttons-is-layout-flex\">\n<div class=\"wp-block-button\"><a class=\"wp-block-button__link has-white-color has-vivid-cyan-blue-background-color has-text-color has-background has-link-color wp-element-button\" href=\"https:\/\/alacip.org\/?anocongresso=2024\">Artigos do Congresso de 2024<br>Art\u00edculos Congreso 2024<\/a><\/div>\n<\/div>\n\n\n\n<div style=\"height:100px\" aria-hidden=\"true\" class=\"wp-block-spacer\"><\/div>\n","protected":false},"excerpt":{"rendered":"<p>Memorias de los Congresos ALACIP &#8211; Actual 2024 Expediente Atual Anteriores 12\u00ba Congreso Latinoamericano de Ciencia Pol\u00edtica \u2013 ALACIP 17 al 20 de julio de 2024&nbsp;en la sede del ISCTE, en&nbsp;Lisboa, Portugal. Comit\u00e9 Organizador Local Marcelo Moriconi \u2013 Centre for International Studies, Iscte Ana M\u00f3nica Fonseca \u2013 Centre for International Studies, Iscte C\u00e1tia Miriam Costa [&hellip;]<\/p>\n","protected":false},"author":88889,"featured_media":0,"parent":45425,"menu_order":0,"comment_status":"closed","ping_status":"closed","template":"","meta":{"_genesis_hide_title":false,"_genesis_hide_breadcrumbs":false,"_genesis_hide_singular_image":false,"_genesis_hide_footer_widgets":false,"_genesis_custom_body_class":"","_genesis_custom_post_class":"","_genesis_layout":"","footnotes":""},"class_list":{"0":"post-45376","1":"page","2":"type-page","3":"status-publish","5":"entry"},"_links":{"self":[{"href":"https:\/\/alacip.org\/index.php?rest_route=\/wp\/v2\/pages\/45376","targetHints":{"allow":["GET"]}}],"collection":[{"href":"https:\/\/alacip.org\/index.php?rest_route=\/wp\/v2\/pages"}],"about":[{"href":"https:\/\/alacip.org\/index.php?rest_route=\/wp\/v2\/types\/page"}],"author":[{"embeddable":true,"href":"https:\/\/alacip.org\/index.php?rest_route=\/wp\/v2\/users\/88889"}],"replies":[{"embeddable":true,"href":"https:\/\/alacip.org\/index.php?rest_route=%2Fwp%2Fv2%2Fcomments&post=45376"}],"version-history":[{"count":17,"href":"https:\/\/alacip.org\/index.php?rest_route=\/wp\/v2\/pages\/45376\/revisions"}],"predecessor-version":[{"id":48968,"href":"https:\/\/alacip.org\/index.php?rest_route=\/wp\/v2\/pages\/45376\/revisions\/48968"}],"up":[{"embeddable":true,"href":"https:\/\/alacip.org\/index.php?rest_route=\/wp\/v2\/pages\/45425"}],"wp:attachment":[{"href":"https:\/\/alacip.org\/index.php?rest_route=%2Fwp%2Fv2%2Fmedia&parent=45376"}],"curies":[{"name":"wp","href":"https:\/\/api.w.org\/{rel}","templated":true}]}}