{"id":45394,"date":"2022-11-10T16:39:28","date_gmt":"2022-11-10T19:39:28","guid":{"rendered":"https:\/\/alacip.org\/?page_id=45394"},"modified":"2025-02-02T12:18:49","modified_gmt":"2025-02-02T15:18:49","slug":"congressos-anteriores","status":"publish","type":"page","link":"https:\/\/alacip.org\/?page_id=45394","title":{"rendered":"Mem\u00f3rias dos Congressos ALACIP &#8211; Anteriores"},"content":{"rendered":"\n<h3 class=\"wp-block-heading\">Memorias de los Congresos ALACIP &#8211; Anteriores<\/h3>\n\n\n\n<div class=\"wp-block-columns is-layout-flex wp-container-core-columns-is-layout-9d6595d7 wp-block-columns-is-layout-flex\">\n<div class=\"wp-block-column is-layout-flow wp-block-column-is-layout-flow\">\n<h4 class=\"wp-block-heading has-text-align-center has-text-color has-background\" style=\"color:#2f698b;background-color:#eff9ff\"><a href=\"https:\/\/alacip.org\/?page_id=45350\">Expediente<\/a><\/h4>\n<\/div>\n\n\n\n<div class=\"wp-block-column is-layout-flow wp-block-column-is-layout-flow\">\n<h4 class=\"wp-block-heading has-text-align-center has-text-color has-background\" style=\"color:#2f698b;background-color:#eff9ff\"><a href=\"https:\/\/alacip.org\/?page_id=45376\">Atual<\/a><\/h4>\n<\/div>\n\n\n\n<div class=\"wp-block-column is-layout-flow wp-block-column-is-layout-flow\">\n<h4 class=\"wp-block-heading has-text-align-center has-text-color has-background\" style=\"color:#2f698b;background-color:#dbe8f2\"><a href=\"https:\/\/alacip.org\/?page_id=45394\">Anteriores<\/a><\/h4>\n<\/div>\n<\/div>\n\n\n\n<ul id=\"lista1\" class=\"wp-block-list\">\n<li><a href=\"#lista1\">2013<\/a><\/li>\n\n\n\n<li><a href=\"#pon2015\">2015<\/a><\/li>\n\n\n\n<li><a href=\"#pon2017\">2017<\/a><\/li>\n\n\n\n<li><a href=\"#pon2019\">2019<\/a><\/li>\n\n\n\n<li><a href=\"#2022\">2022<\/a><\/li>\n<\/ul>\n\n\n\n<h3 class=\"wp-block-heading\"><strong>Memorias del 7\u00ba Congreso Latinoamericano de Ciencia Pol\u00edtica &#8211; ALACIP<\/strong><\/h3>\n\n\n\n<p>25\u201327 septiembre de 2013, Universidad de los Andes, Bogot\u00e1, Colombia.<\/p>\n\n\n\n<p><strong>Comit\u00e9 Local Organizador<\/strong><\/p>\n\n\n\n<p>Fredy Barrero Escobar<\/p>\n\n\n\n<p>Felipe Botero Jaramillo<\/p>\n\n\n\n<p>Miguel Garc\u00eda S\u00e1nchez<\/p>\n\n\n\n<p>Laura Wills-Otero<\/p>\n\n\n\n<p>Las ponencias presentadas en el 7\u00ba Congreso Latinoamericano de Ciencia Pol\u00edtica siguieron las reglas de participaci\u00f3n oportunamente publicadas. <a href=\"https:\/\/alacip.org\/?p=2888\">Lea el informe del 7\u00ba Congreso<\/a>.<\/p>\n\n\n\n<div class=\"wp-block-buttons is-content-justification-center is-layout-flex wp-container-core-buttons-is-layout-16018d1d wp-block-buttons-is-layout-flex\">\n<div class=\"wp-block-button acenter\"><a class=\"wp-block-button__link has-vivid-cyan-blue-background-color has-background has-text-align-center wp-element-button\" href=\"https:\/\/alacip.org\/?anocongresso=2013\">Trabalhos do Congresso de 2013 <br> Trabajos Congreso 2013<\/a><\/div>\n<\/div>\n\n\n\n<div style=\"height:50px\" aria-hidden=\"true\" class=\"wp-block-spacer\"><\/div>\n\n\n\n<hr class=\"wp-block-separator has-alpha-channel-opacity is-style-dots\" id=\"pon2015\"\/>\n\n\n\n<div style=\"height:50px\" aria-hidden=\"true\" class=\"wp-block-spacer\"><\/div>\n\n\n\n<h3 class=\"wp-block-heading\"><strong>Memorias del 8\u00ba Congreso Latinoamericano de Ciencia Pol\u00edtica \u2013 ALACIP<\/strong><\/h3>\n\n\n\n<p>22-24 julio de 2015, Pontificia Universidad Cat\u00f3lica del Per\u00fa, Lima, Per\u00fa.<\/p>\n\n\n\n<p>Comit\u00e9 Organizador Local<\/p>\n\n\n\n<p>Jorge Arag\u00f3n<\/p>\n\n\n\n<p>Eduardo Dargent<\/p>\n\n\n\n<p>Maritza Paredes<\/p>\n\n\n\n<p>St\u00e9phanie Rousseau<\/p>\n\n\n\n<p>Mart\u00edn Tanaka<\/p>\n\n\n\n<p>Fernando Tuesta<\/p>\n\n\n\n<p>Las ponencias presentadas en el 8\u00ba Congreso Latinoamericano de Ciencia Pol\u00edtica siguieron las reglas de participaci\u00f3n oportunamente publicadas. <a href=\"https:\/\/alacip.org\/?p=6029\">Lea el informe del 8\u00ba Congreso<\/a>.<\/p>\n\n\n\n<div class=\"wp-block-buttons is-content-justification-center is-layout-flex wp-container-core-buttons-is-layout-16018d1d wp-block-buttons-is-layout-flex\">\n<div class=\"wp-block-button acenter\"><a class=\"wp-block-button__link has-vivid-cyan-blue-background-color has-background has-text-align-center wp-element-button\" href=\"https:\/\/alacip.org\/?anocongresso=2015\">Trabalhos do Congresso de 2015<br>Trabajos del Congreso 2015<\/a><\/div>\n<\/div>\n\n\n\n<p><\/p>\n\n\n\n<div style=\"height:50px\" aria-hidden=\"true\" class=\"wp-block-spacer\"><\/div>\n\n\n\n<hr class=\"wp-block-separator has-alpha-channel-opacity is-style-dots\" id=\"pon2017\"\/>\n\n\n\n<div style=\"height:50px\" aria-hidden=\"true\" class=\"wp-block-spacer\"><\/div>\n\n\n\n<h3 class=\"wp-block-heading\"><strong>Memorias del 9\u00ba Congreso Latinoamericano de Ciencia Pol\u00edtica &#8211; ALACIP<\/strong><\/h3>\n\n\n\n<p>26-28 de Julio de 2017, Asociaci\u00f3n Uruguaya de Ciencia Pol\u00edtica AUCIP, Montevideo, Uruguay.<\/p>\n\n\n\n<p>Comit\u00e9 Organizador Local<\/p>\n\n\n\n<p>Daniel Buquet<\/p>\n\n\n\n<p>Emiliano Cardona<\/p>\n\n\n\n<p>Daniel Chasquetti<\/p>\n\n\n\n<p>Adolfo Garc\u00e9&nbsp;<\/p>\n\n\n\n<p>Carmen Midaglia<\/p>\n\n\n\n<p>Rafael Pi\u00f1eiro<\/p>\n\n\n\n<p>Florencia Sanz<\/p>\n\n\n\n<p>Nicol\u00e1s Schmidt<\/p>\n\n\n\n<p>Las ponencias presentadas en el 9\u00ba Congreso Latinoamericano de Ciencia Pol\u00edtica siguieron las reglas de participaci\u00f3n oportunamente publicadas. <a href=\"https:\/\/alacip.org\/?p=7048\">Lea el informe del 9\u00ba Congreso<\/a>.<\/p>\n\n\n\n<div class=\"wp-block-buttons is-content-justification-center is-layout-flex wp-container-core-buttons-is-layout-16018d1d wp-block-buttons-is-layout-flex\">\n<div class=\"wp-block-button acenter\"><a class=\"wp-block-button__link has-vivid-cyan-blue-background-color has-background has-text-align-center wp-element-button\" href=\"https:\/\/alacip.org\/?anocongresso=2017\">Trabalhos do Congresso de 2017<br>Trabajos del Congreso 2017<\/a><\/div>\n<\/div>\n\n\n\n<div style=\"height:50px\" aria-hidden=\"true\" class=\"wp-block-spacer\"><\/div>\n\n\n\n<hr class=\"wp-block-separator has-alpha-channel-opacity is-style-dots\" id=\"pon2019\"\/>\n\n\n\n<div style=\"height:50px\" aria-hidden=\"true\" class=\"wp-block-spacer\"><\/div>\n\n\n\n<h3 class=\"wp-block-heading\"><strong>Memorias del 10\u00ba Congreso Latinoamericano de Ciencia Pol\u00edtica \u2013 ALACIP<\/strong><\/h3>\n\n\n\n<p>31 de julio, 1, 2 y 3 de agosto de 2019, Tecnol\u00f3gico de Monterrey, Monterrey, M\u00e9xico.<\/p>\n\n\n\n<p>Comit\u00e9 Organizador Local<\/p>\n\n\n\n<p>Rosa Yn\u00e9s Alacio<\/p>\n\n\n\n<p>Efra\u00edn Poot Capetillo<\/p>\n\n\n\n<p>Jos\u00e9 Manuel Luque Rojas<\/p>\n\n\n\n<p>Carmelo Cattafi<\/p>\n\n\n\n<p>Jos\u00e9 Luis M\u00e9ndez<\/p>\n\n\n\n<p>Victor Alarc\u00f3n Olgu\u00edn<\/p>\n\n\n\n<p>Gustavo L\u00f3pez Montiel<\/p>\n\n\n\n<p>Jes\u00fas Rodr\u00edguez Alonso<\/p>\n\n\n\n<p>Azul Aguiar Aguilar<\/p>\n\n\n\n<p>Servando Pineda Jaimes<\/p>\n\n\n\n<p>Margarita Badillo<\/p>\n\n\n\n<p>Rosario Varela Z\u00fa\u00f1iga<\/p>\n\n\n\n<p>Franciso Jos\u00e9 Rodr\u00edguez Escobedo<\/p>\n\n\n\n<p>Jes\u00fas Tovar<\/p>\n\n\n\n<p>Jorge Mena<\/p>\n\n\n\n<p>Nelly Caro Luj\u00e1n<\/p>\n\n\n\n<p>Jos\u00e9 Maria Infante<\/p>\n\n\n\n<p>Mario Riorda<\/p>\n\n\n\n<p>Lerins Varela Castro<\/p>\n\n\n\n<p>Margarita Arguelles<\/p>\n\n\n\n<p>Las ponencias presentadas en el 10\u00ba Congreso Latinoamericano de Ciencia Pol\u00edtica siguieron las reglas de participaci\u00f3n oportunamente publicadas. <a href=\"https:\/\/alacip.org\/?p=17355\">Lea el informe del 10\u00ba Congreso.<\/a><\/p>\n\n\n\n<div class=\"wp-block-buttons is-content-justification-center is-layout-flex wp-container-core-buttons-is-layout-16018d1d wp-block-buttons-is-layout-flex\">\n<div class=\"wp-block-button acenter\"><a class=\"wp-block-button__link has-vivid-cyan-blue-background-color has-background has-text-align-center wp-element-button\" href=\"https:\/\/alacip.org\/?anocongresso=2019\">Trabalhos do Congresso de 2019<br>Trabajos del Congreso 2019<\/a><\/div>\n<\/div>\n\n\n\n<div style=\"height:100px\" aria-hidden=\"true\" class=\"wp-block-spacer\"><\/div>\n\n\n\n<h3 class=\"wp-block-heading\" id=\"2022\"><strong>11\u00ba Congreso Latinoamericano de Ciencia Pol\u00edtica \u2013 ALACIP<\/strong><\/h3>\n\n\n\n<p><\/p>\n\n\n\n<p><strong>21-23 de julio de 2022, Asociaci\u00f3n Chilena de Ciencia Pol\u00edtica, ACCP, Chile.<\/strong><\/p>\n\n\n\n<p><strong>Comit\u00e9 Organizador Local<\/strong><\/p>\n\n\n\n<p>Javier Sajuria<\/p>\n\n\n\n<p>Susana Riquelme<\/p>\n\n\n\n<p>Claudia Heiss<\/p>\n\n\n\n<p>Alejandro Olivares<\/p>\n\n\n\n<p class=\"has-background\" style=\"background-color:#f4f6f8\">Las ponencias presentadas en el 11\u00ba Congreso Latinoamericano de Ciencia Pol\u00edtica siguieron las reglas de participaci\u00f3n oportunamente publicadas. <a href=\"https:\/\/alacip.org\/?p=29707\">Lea el informe del 11\u00ba Congreso.<\/a><\/p>\n\n\n\n<div class=\"wp-block-buttons is-content-justification-center is-layout-flex wp-container-core-buttons-is-layout-16018d1d wp-block-buttons-is-layout-flex\">\n<div class=\"wp-block-button\"><a class=\"wp-block-button__link has-white-color has-vivid-cyan-blue-background-color has-text-color has-background has-link-color wp-element-button\" href=\"https:\/\/alacip.org\/?anocongresso=2022\">Artigos do Congresso de 2022<br>Art\u00edculos Congreso 2022<\/a><\/div>\n<\/div>\n","protected":false},"excerpt":{"rendered":"<p>Memorias de los Congresos ALACIP &#8211; Anteriores Expediente Atual Anteriores Memorias del 7\u00ba Congreso Latinoamericano de Ciencia Pol\u00edtica &#8211; ALACIP 25\u201327 septiembre de 2013, Universidad de los Andes, Bogot\u00e1, Colombia. Comit\u00e9 Local Organizador Fredy Barrero Escobar Felipe Botero Jaramillo Miguel Garc\u00eda S\u00e1nchez Laura Wills-Otero Las ponencias presentadas en el 7\u00ba Congreso Latinoamericano de Ciencia Pol\u00edtica [&hellip;]<\/p>\n","protected":false},"author":88889,"featured_media":0,"parent":45425,"menu_order":0,"comment_status":"closed","ping_status":"closed","template":"","meta":{"_genesis_hide_title":false,"_genesis_hide_breadcrumbs":false,"_genesis_hide_singular_image":false,"_genesis_hide_footer_widgets":false,"_genesis_custom_body_class":"","_genesis_custom_post_class":"","_genesis_layout":"","footnotes":""},"class_list":{"0":"post-45394","1":"page","2":"type-page","3":"status-publish","5":"entry"},"_links":{"self":[{"href":"https:\/\/alacip.org\/index.php?rest_route=\/wp\/v2\/pages\/45394","targetHints":{"allow":["GET"]}}],"collection":[{"href":"https:\/\/alacip.org\/index.php?rest_route=\/wp\/v2\/pages"}],"about":[{"href":"https:\/\/alacip.org\/index.php?rest_route=\/wp\/v2\/types\/page"}],"author":[{"embeddable":true,"href":"https:\/\/alacip.org\/index.php?rest_route=\/wp\/v2\/users\/88889"}],"replies":[{"embeddable":true,"href":"https:\/\/alacip.org\/index.php?rest_route=%2Fwp%2Fv2%2Fcomments&post=45394"}],"version-history":[{"count":34,"href":"https:\/\/alacip.org\/index.php?rest_route=\/wp\/v2\/pages\/45394\/revisions"}],"predecessor-version":[{"id":48964,"href":"https:\/\/alacip.org\/index.php?rest_route=\/wp\/v2\/pages\/45394\/revisions\/48964"}],"up":[{"embeddable":true,"href":"https:\/\/alacip.org\/index.php?rest_route=\/wp\/v2\/pages\/45425"}],"wp:attachment":[{"href":"https:\/\/alacip.org\/index.php?rest_route=%2Fwp%2Fv2%2Fmedia&parent=45394"}],"curies":[{"name":"wp","href":"https:\/\/api.w.org\/{rel}","templated":true}]}}