{"id":45425,"date":"2022-11-10T17:15:11","date_gmt":"2022-11-10T20:15:11","guid":{"rendered":"https:\/\/alacip.org\/?page_id=45425"},"modified":"2022-11-11T16:48:32","modified_gmt":"2022-11-11T19:48:32","slug":"anais-dos-congressos-alacip-apresentacao","status":"publish","type":"page","link":"https:\/\/alacip.org\/?page_id=45425","title":{"rendered":"Mem\u00f3rias dos Congressos ALACIP- Apresenta\u00e7\u00e3o"},"content":{"rendered":"\n<h3 class=\"wp-block-heading\">Memorias de los Congresos ALACIP-Presentaci\u00f3n<\/h3>\n\n\n\n<div class=\"wp-block-columns is-layout-flex wp-container-core-columns-is-layout-9d6595d7 wp-block-columns-is-layout-flex\">\n<div class=\"wp-block-column is-layout-flow wp-block-column-is-layout-flow\">\n<h4 class=\"has-text-align-center has-text-color has-background wp-block-heading\" style=\"background-color:#eff9ff;color:#2f698b\"><a href=\"https:\/\/alacip.org\/?page_id=45350\">Expediente<\/a><\/h4>\n<\/div>\n\n\n\n<div class=\"wp-block-column is-layout-flow wp-block-column-is-layout-flow\">\n<h4 class=\"has-text-align-center has-text-color has-background wp-block-heading\" style=\"background-color:#eff9ff;color:#2f698b\"><a href=\"https:\/\/alacip.org\/?page_id=45376\">Atual<\/a><\/h4>\n<\/div>\n\n\n\n<div class=\"wp-block-column is-layout-flow wp-block-column-is-layout-flow\">\n<h4 class=\"has-text-align-center has-text-color has-background wp-block-heading\" style=\"background-color:#eff9ff;color:#2f698b\"><a href=\"https:\/\/alacip.org\/?page_id=45394\">Anteriores<\/a><\/h4>\n<\/div>\n<\/div>\n\n\n\n<p>Os relat\u00f3rios dos Congressos da ALACIP s\u00e3o o produto de todos os trabalhos apresentados em seus congressos, que s\u00e3o realizados a cada dois anos. A aprova\u00e7\u00e3o dos trabalhos a serem apresentados depende da comiss\u00e3o organizadora local de cada congresso e varia bianualmente. Geralmente s\u00e3o acad\u00eamicos vinculados \u00e0 institui\u00e7\u00e3o organizadora local, mas tamb\u00e9m h\u00e1 membros do Comit\u00ea Executivo da ALACIP que participam do processo de aprova\u00e7\u00e3o de trabalhos nos congressos. Os idiomas aceitos tanto para apresenta\u00e7\u00e3o dos trabalhos quanto para publica\u00e7\u00e3o nos relat\u00f3rios s\u00e3o portugu\u00eas, ingl\u00eas e espanhol.<\/p>\n\n\n\n<p><em>Las memorias de los Congresos de ALACIP son producto de todos los trabajos presentados durante sus congresos que se realizan con una periodicidad bianual. La aprobaci\u00f3n de los trabajos a ser presentados depende del comit\u00e9 organizador local en cada congreso y var\u00eda cada dos a\u00f1os. Generalmente se trata de acad\u00e9micos vinculados a la instituci\u00f3n organizadora local, pero tambi\u00e9n hay miembros del Comit\u00e9 Ejecutivo de ALACIP que participan del proceso de aprobaci\u00f3n de trabajos en los congresos. Los idiomas aceptados tanto para presentar los trabajos, como para su publicaci\u00f3n en las memorias son portugu\u00e9s, ingl\u00e9s y espa\u00f1ol.<\/em><\/p>\n","protected":false},"excerpt":{"rendered":"<p>Memorias de los Congresos ALACIP-Presentaci\u00f3n Expediente Atual Anteriores Os relat\u00f3rios dos Congressos da ALACIP s\u00e3o o produto de todos os trabalhos apresentados em seus congressos, que s\u00e3o realizados a cada dois anos. A aprova\u00e7\u00e3o dos trabalhos a serem apresentados depende da comiss\u00e3o organizadora local de cada congresso e varia bianualmente. Geralmente s\u00e3o acad\u00eamicos vinculados \u00e0 [&hellip;]<\/p>\n","protected":false},"author":88889,"featured_media":0,"parent":0,"menu_order":0,"comment_status":"closed","ping_status":"closed","template":"","meta":{"_genesis_hide_title":false,"_genesis_hide_breadcrumbs":false,"_genesis_hide_singular_image":false,"_genesis_hide_footer_widgets":false,"_genesis_custom_body_class":"","_genesis_custom_post_class":"","_genesis_layout":"","footnotes":""},"class_list":{"0":"post-45425","1":"page","2":"type-page","3":"status-publish","5":"entry"},"_links":{"self":[{"href":"https:\/\/alacip.org\/index.php?rest_route=\/wp\/v2\/pages\/45425","targetHints":{"allow":["GET"]}}],"collection":[{"href":"https:\/\/alacip.org\/index.php?rest_route=\/wp\/v2\/pages"}],"about":[{"href":"https:\/\/alacip.org\/index.php?rest_route=\/wp\/v2\/types\/page"}],"author":[{"embeddable":true,"href":"https:\/\/alacip.org\/index.php?rest_route=\/wp\/v2\/users\/88889"}],"replies":[{"embeddable":true,"href":"https:\/\/alacip.org\/index.php?rest_route=%2Fwp%2Fv2%2Fcomments&post=45425"}],"version-history":[{"count":6,"href":"https:\/\/alacip.org\/index.php?rest_route=\/wp\/v2\/pages\/45425\/revisions"}],"predecessor-version":[{"id":45471,"href":"https:\/\/alacip.org\/index.php?rest_route=\/wp\/v2\/pages\/45425\/revisions\/45471"}],"wp:attachment":[{"href":"https:\/\/alacip.org\/index.php?rest_route=%2Fwp%2Fv2%2Fmedia&parent=45425"}],"curies":[{"name":"wp","href":"https:\/\/api.w.org\/{rel}","templated":true}]}}