{"id":4624,"date":"2015-08-03T02:41:49","date_gmt":"2015-08-03T05:41:49","guid":{"rendered":"https:\/\/alacip.org\/?page_id=4624"},"modified":"2017-01-19T07:56:54","modified_gmt":"2017-01-19T10:56:54","slug":"nuevo-grupo-de-investigacion-participacion-politica-en-america-latina","status":"publish","type":"page","link":"https:\/\/alacip.org\/?page_id=4624","title":{"rendered":"Nuevo Grupo de Investigaci\u00f3n Participaci\u00f3n Pol\u00edtica en Am\u00e9rica Latina"},"content":{"rendered":"<p>Nos complace informarles que se ha creado un nuevo Grupo de Investigaci\u00f3n, sobre Participaci\u00f3n Pol\u00edtica en Am\u00e9rica Latina. Pueden chequear sus detalles en:\u00a0<a href=\"https:\/\/alacip.org\/?p=4617\">https:\/\/alacip.org\/?p=4617<\/a><\/p>\n","protected":false},"excerpt":{"rendered":"<p>Nos complace informarles que se ha creado un nuevo Grupo de Investigaci\u00f3n, sobre Participaci\u00f3n Pol\u00edtica en Am\u00e9rica Latina. Pueden chequear sus detalles en:\u00a0https:\/\/alacip.org\/?p=4617<\/p>\n","protected":false},"author":88890,"featured_media":0,"parent":0,"menu_order":0,"comment_status":"open","ping_status":"open","template":"","meta":{"_genesis_hide_title":false,"_genesis_hide_breadcrumbs":false,"_genesis_hide_singular_image":false,"_genesis_hide_footer_widgets":false,"_genesis_custom_body_class":"","_genesis_custom_post_class":"","_genesis_layout":"","footnotes":""},"class_list":{"0":"post-4624","1":"page","2":"type-page","3":"status-publish","5":"entry"},"_links":{"self":[{"href":"https:\/\/alacip.org\/index.php?rest_route=\/wp\/v2\/pages\/4624","targetHints":{"allow":["GET"]}}],"collection":[{"href":"https:\/\/alacip.org\/index.php?rest_route=\/wp\/v2\/pages"}],"about":[{"href":"https:\/\/alacip.org\/index.php?rest_route=\/wp\/v2\/types\/page"}],"author":[{"embeddable":true,"href":"https:\/\/alacip.org\/index.php?rest_route=\/wp\/v2\/users\/88890"}],"replies":[{"embeddable":true,"href":"https:\/\/alacip.org\/index.php?rest_route=%2Fwp%2Fv2%2Fcomments&post=4624"}],"version-history":[{"count":1,"href":"https:\/\/alacip.org\/index.php?rest_route=\/wp\/v2\/pages\/4624\/revisions"}],"predecessor-version":[{"id":9938,"href":"https:\/\/alacip.org\/index.php?rest_route=\/wp\/v2\/pages\/4624\/revisions\/9938"}],"wp:attachment":[{"href":"https:\/\/alacip.org\/index.php?rest_route=%2Fwp%2Fv2%2Fmedia&parent=4624"}],"curies":[{"name":"wp","href":"https:\/\/api.w.org\/{rel}","templated":true}]}}