{"id":4963,"date":"2013-11-01T10:59:11","date_gmt":"2013-11-01T13:59:11","guid":{"rendered":"https:\/\/alacip.org\/?page_id=4963"},"modified":"2024-07-25T17:59:17","modified_gmt":"2024-07-25T20:59:17","slug":"vencedores-del-concurso-de-tese","status":"publish","type":"page","link":"https:\/\/alacip.org\/?page_id=4963","title":{"rendered":"Vencedores|as de los Concursos de Tesis Alacip &#8211; Premio Guillermo O&#8217;Donnell"},"content":{"rendered":"<h2 style=\"text-align: center;\">Historia de los Concursos:<\/h2>\n<h4 style=\"text-align: center;\"><\/h4>\n<h4 style=\"text-align: center;\">X Edici\u00f3n Concurso de Tesis ALACIP &#8211; Lisboa 2024<\/h4>\n<p>Ganadora:<\/p>\n<ul>\n<li><strong>Cec\u00edlia Sandoval, Universidad de Salamanca, Espa\u00f1a. T\u00edtulo:<\/strong> \u00ab<em>Patronazgo del Siglo XXI: Pr\u00e1cticas clientelares en la Revoluci\u00f3n Ciudadana (2007-2017) y su impacto en la gesti\u00f3n p\u00fablica del Ecuador<\/em>\u00ab.<\/li>\n<\/ul>\n<p>Menci\u00f3n especial:<\/p>\n<ul>\n<li><strong>Rafael Ricardo Bohorquez Aunta. Universidad Nacional de Colombia. T\u00edtulo:<\/strong> \u00ab<em>Sobre el significado moral del testimonio del da\u00f1o en el informe\u00a0\u00a1Basta ya! Colombia: memorias de guerra y dignidad<\/em>\u00ab<\/li>\n<\/ul>\n<h4 style=\"text-align: center;\">IX Edici\u00f3n Concurso de Tesis ALACIP &#8211; Santiago 2022<\/h4>\n<p>Ganador:<\/p>\n<ul>\n<li><strong>Asbel Bohigues, Universidad de Salamanca, Espa\u00f1a. T\u00edtulo: <\/strong>\u00ab<em>\u00c9lites, radicalismo y democracia. Un estudio comparado sobre Am\u00e9rica Latina\u00bb<\/em><strong><em>.\u00a0<\/em><\/strong><\/li>\n<\/ul>\n<p>Menciones especiales:<\/p>\n<ul>\n<li><strong>Lautaro Rubbi, Universidad Torcuato di Tella, Argentina. T\u00edtulo: <\/strong><em>\u201cLa importancia de ser relevante: Un estudio comparado sobre la Pol\u00edtica exterior de 4 pa\u00edses latinoamericanos hacia los Estados Unidos y sus consecuencias durante lasprimeras dos d\u00e9cadas del siglo XXI a la luz de la teor\u00eda del Realismo Perif\u00e9rico\u201d.<\/em><\/li>\n<li><strong>Pedro Bras Martins da Costa, Instituto de Estudos Sociais e Pol\u00edticos da Universidade do Estado de Rio de Janiero, T\u00edtulo: <\/strong><em>\u201cO papel esquecido do Poder Legislativo na trajet\u00f3ria das pol\u00edticas de transfer\u00eancia de renda no Brasil.\u00bb<\/em><\/li>\n<\/ul>\n<h4 style=\"text-align: center;\">VIII Edici\u00f3n Concurso de Tesis ALACIP &#8211; Monterrey 2019<\/h4>\n<p>Ganadora:<\/p>\n<ul>\n<li><strong>Iliana Rend\u00f3n Arias, Facultad Latinoamericana de Ciencias Sociales, FLACSO- M\u00e9xico.<\/strong> <strong>T\u00edtulo: \u00ab<\/strong><em>Los efectos de la reelecci\u00f3n consecutiva en el comportamiento legislativo. Los congresos locales en M\u00e9xico<\/em><strong><em>\u00ab<\/em><\/strong>.<\/li>\n<\/ul>\n<p>Menci\u00f3n Especial:<\/p>\n<ul>\n<li><strong>Acir Almeida, Instituto de Estudos Sociais e Pol\u00edticos, T\u00edtulo<\/strong>: \u00ab<em>Governo Presidencial Condicionado: Delega\u00e7\u00e3o e participa\u00e7\u00e3o legislativa na C\u00e2mara dos Deputados 2018<strong>\u00ab<\/strong><\/em>.<\/li>\n<\/ul>\n<h4 style=\"text-align: center;\">VII Edici\u00f3n Concurso de Tesis ALACIP &#8211; Montevideo 2017<\/h4>\n<p>Ganadores:<\/p>\n<ul>\n<li><strong>Patricia Pinta Sierra, Universidad Complutense de Madrid.<\/strong>\u00a0<strong>T\u00edtulo<\/strong>: \u00ab<em>EL CESE DE LA LUCHA ARMADA: Un estudio sobre la supervivencia y desactivaci\u00f3n de las organizaciones insurgentes en Am\u00e9rica Latina (1970-2000)<b>\u00bb\u00a0<\/b><\/em><\/li>\n<li><strong>J\u00falio Canello, Instituto de Estudos Sociais e Pol\u00edticos, IESP-UERJ<\/strong>. <strong>T\u00edtulo:<\/strong>\u00a0<em>\u00abJUDIALIZANDO A FEDERA\u00c7\u00c3O? O Supremo Tribunal Federal e os atos normativos estaduais\u00bb<b>.<\/b><\/em><\/li>\n<\/ul>\n<p>Menci\u00f3n Especial:<\/p>\n<ul>\n<li><strong>Danielle Costa da Silva, Instituto de Estudos Sociais e Pol\u00edticos, IESP-UERJ. T\u00edtulo<\/strong>: \u00ab<i>A agenda de direitos humanos na pol\u00edtica externa brasileira e a participa\u00e7\u00e3o das ONGs no seu processo de formula\u00e7\u00e3o\u00bb.<\/i><\/li>\n<\/ul>\n<h4 style=\"text-align: center;\">VI Edici\u00f3n Concurso de Tesis ALACIP, Lima 2015<\/h4>\n<p>Ganadora:<\/p>\n<ul>\n<li><strong>Mariana Batista, Universidade Federal de Pernambuco. Titulo<\/strong>: <em>\u00abO MIST\u00c9RIO DOS MINIST\u00c9RIOS: A \u00a0governan\u00e7a da coaliz\u00e3o no presidencialismo brasileiro<b>\u00ab<\/b><\/em><\/li>\n<\/ul>\n<p style=\"text-align: justify;\">Menci\u00f3n especial:<\/p>\n<ul>\n<li style=\"text-align: justify;\"><strong>Andreia Freitas, Universidade de S\u00e3o Paulo, T\u00edtulo<\/strong>: \u00ab<em>O Presidencialismo da Coaliz\u00e3o<\/em>\u00ab<\/li>\n<\/ul>\n<h4 style=\"text-align: center;\">V Edici\u00f3n Concurso de Tesis ALACIP, Bogot\u00e1 2013<\/h4>\n<p>Ganadores:<\/p>\n<ul>\n<li><strong>Juan Mario Sol\u00eds,\u00a0Universidad de Salamanca.\u00a0T\u00edtulo: \u00ab<\/strong><em>MEMORIA DEMOCR\u00c1TICA Y OLVIDO POL\u00cdTICO: la gesti\u00f3n gubernamental de las pol\u00edticas de memoria en Chile y Argentina<\/em><em>\u00ab.<\/em><\/li>\n<li><strong>Lina Cabezas, Universidad de Salamanca. T\u00edtulo: \u00ab<\/strong><em>Profesionalizaci\u00f3n de las \u00e9lites legislativas en Bolivia, Colombia, Ecuador y Per\u00fa<\/em><em>\u00ab.<\/em><\/li>\n<\/ul>\n<h4 style=\"text-align: center;\">IV Edici\u00f3n Concurso de Tesis ALACIP, Quito 2012<\/h4>\n<p>Ganadores:<\/p>\n<ul>\n<li><strong>Daniel Chasquetti, Universidad de la Rep\u00fablica. T\u00edtulo: \u00ab<\/strong><em>PARLAMENTO Y CARRERAS LEGISLATIVAS EN URUGUAY: Un estudio sobre reglas, partidos y legisladores en las C\u00e1maras<\/em><strong><em>\u00ab.<\/em><\/strong><\/li>\n<li><strong>Rodrigo Rodrigues Silveira, Universidad de Salamanca. T\u00edtulo: \u00ab<\/strong><em>Gobierno local y Estado de bienestar: reg\u00edmenes y resultados de la pol\u00edtica social en Brasil<\/em><em>\u00ab.<\/em><\/li>\n<\/ul>\n<p>Menci\u00f3n Especial:<\/p>\n<ul>\n<li><strong>Renata Hiller, Universidad de Buenos Aires. T\u00edtulo: \u00ab<\/strong><em>Conyugalidad y ciudadan\u00eda: disputas en torno a la regulaci\u00f3n estatal de las parejas gay l\u00e9sbicas en la Argentina contempor\u00e1nea<\/em><strong><em>\u00ab. <\/em><\/strong><em>\u00a0<\/em><\/li>\n<\/ul>\n<h4 style=\"text-align: center;\">III\u00a0Edici\u00f3n\u00a0Concurso de Tesis ALACIP, Buenos Aires 2010<\/h4>\n<p>Ganadores:<\/p>\n<ul>\n<li><strong>Nicol\u00e1s Cherny, T\u00edtulo:<\/strong> \u00ab<em>\u00bfPOR QU\u00c9 CAMBIA LA POL\u00cdTICA ECON\u00d3MICA? El Gobierno del Cambio de Pol\u00edtica Cambiaria en Argentina (1995-2003)<strong>\u00ab.<\/strong><\/em><\/li>\n<li><strong>Sonia Terr\u00f3n,<\/strong> <strong>T\u00edtulo:<\/strong> \u00ab<em>A COMPOSI\u00c7\u00c3O DE TERROT\u00d3RIOS ELEITORAIS NO BRASIL: Uma An\u00e1lise das Vota\u00e7\u00f5es de Lula (1989-2006)<\/em><em>\u00ab.<\/em><\/li>\n<\/ul>\n<p>Menci\u00f3n Especial:<\/p>\n<ul>\n<li>Fernando Pedrosa, Geralda Luiza de Miranda, Mar\u00eda Celeste Ratto, Santiago Basabe-Serrano y Saulo Souza.<\/li>\n<\/ul>\n<h4 style=\"text-align: center;\">II Edici\u00f3n\u00a0Concurso de Tesis ALACIP, San Jos\u00e9 2008<\/h4>\n<p>Ganadoras:<\/p>\n<ul>\n<li><strong>Mercedes Garc\u00eda Montero.<\/strong>\u00a0<strong>T\u00edtulo: \u00ab<\/strong><em>PRESIDENTES Y PARLAMENTOS: un an\u00e1lisis sobre el control de la actividad legislativa en Am\u00e9rica Latina<\/em><strong><em>\u00ab.<\/em><\/strong><\/li>\n<li><strong>Mar\u00eda Elisa Alonso Garc\u00eda. T\u00edtulo:<\/strong> \u00ab<em>LAS ALIANZAS DE LOS PARTIDOS PROVINCIALES EN EL PARLAMENTO NACIONAL ARGENTINO<\/em>\u00a0<em>(1983-1999). Su importancia en el proceso legislativo en situaciones de gobierno dividido<strong>\u00ab.<\/strong><\/em><\/li>\n<\/ul>\n<h4 style=\"text-align: center;\"><b><\/b>I\u00a0Edici\u00f3n\u00a0Concurso de Tesis ALACIP, Campinas 2006<\/h4>\n<p>Ganador:<\/p>\n<ul>\n<li><strong>Leany Barreiro de Souza Lemos<\/strong>, <strong>Universidade Nacional de Bras\u00edlia.\u00a0\u00a0T\u00edtulo: \u00ab<\/strong><em>CONTROLE LEGISLATIVO EM DEMOCRACIAS PRESIDENCIALISTAS: Brasil e EUA em perspectiva comparada<\/em><strong><em>\u00ab.<\/em><\/strong><\/li>\n<\/ul>\n<p>Menci\u00f3n Especial:<\/p>\n<ul>\n<li><strong>Sabrina Evangelista Medeiros, T\u00edtulo:<\/strong> \u00ab<em>Pol\u00edticas Imigrat\u00f3rias: por uma avalia\u00e7\u00e3o dos seus fundamentos e limites na contemporaneidade<\/em>\u00ab.<\/li>\n<\/ul>\n<p><b>\u00a0<\/b><\/p>\n<p><b>\u00a0<\/b><\/p>\n","protected":false},"excerpt":{"rendered":"<p>Historia de los Concursos: X Edici\u00f3n Concurso de Tesis ALACIP &#8211; Lisboa 2024 Ganadora: Cec\u00edlia Sandoval, Universidad de Salamanca, Espa\u00f1a. T\u00edtulo: \u00abPatronazgo del Siglo XXI: Pr\u00e1cticas clientelares en la Revoluci\u00f3n Ciudadana (2007-2017) y su impacto en la gesti\u00f3n p\u00fablica del Ecuador\u00ab. Menci\u00f3n especial: Rafael Ricardo Bohorquez Aunta. Universidad Nacional de Colombia. T\u00edtulo: \u00abSobre el significado [&hellip;]<\/p>\n","protected":false},"author":88890,"featured_media":0,"parent":2526,"menu_order":0,"comment_status":"open","ping_status":"open","template":"","meta":{"_genesis_hide_title":false,"_genesis_hide_breadcrumbs":false,"_genesis_hide_singular_image":false,"_genesis_hide_footer_widgets":false,"_genesis_custom_body_class":"","_genesis_custom_post_class":"","_genesis_layout":"","footnotes":""},"class_list":{"0":"post-4963","1":"page","2":"type-page","3":"status-publish","5":"entry"},"_links":{"self":[{"href":"https:\/\/alacip.org\/index.php?rest_route=\/wp\/v2\/pages\/4963","targetHints":{"allow":["GET"]}}],"collection":[{"href":"https:\/\/alacip.org\/index.php?rest_route=\/wp\/v2\/pages"}],"about":[{"href":"https:\/\/alacip.org\/index.php?rest_route=\/wp\/v2\/types\/page"}],"author":[{"embeddable":true,"href":"https:\/\/alacip.org\/index.php?rest_route=\/wp\/v2\/users\/88890"}],"replies":[{"embeddable":true,"href":"https:\/\/alacip.org\/index.php?rest_route=%2Fwp%2Fv2%2Fcomments&post=4963"}],"version-history":[{"count":15,"href":"https:\/\/alacip.org\/index.php?rest_route=\/wp\/v2\/pages\/4963\/revisions"}],"predecessor-version":[{"id":47640,"href":"https:\/\/alacip.org\/index.php?rest_route=\/wp\/v2\/pages\/4963\/revisions\/47640"}],"up":[{"embeddable":true,"href":"https:\/\/alacip.org\/index.php?rest_route=\/wp\/v2\/pages\/2526"}],"wp:attachment":[{"href":"https:\/\/alacip.org\/index.php?rest_route=%2Fwp%2Fv2%2Fmedia&parent=4963"}],"curies":[{"name":"wp","href":"https:\/\/api.w.org\/{rel}","templated":true}]}}