{"id":50670,"date":"2026-03-26T17:18:47","date_gmt":"2026-03-26T20:18:47","guid":{"rendered":"https:\/\/alacip.org\/?page_id=50670"},"modified":"2026-04-02T20:36:15","modified_gmt":"2026-04-02T23:36:15","slug":"escuela-alacip-2026-formulario-de-inscripcion","status":"publish","type":"page","link":"https:\/\/alacip.org\/?page_id=50670","title":{"rendered":"Escuela Alacip 2026 &#8211; Formul\u00e1rio de inscripci\u00f3n"},"content":{"rendered":"\n<div class=\"wpcf7 no-js\" id=\"wpcf7-f23289-o1\" lang=\"es-ES\" dir=\"ltr\" data-wpcf7-id=\"23289\">\n<div class=\"screen-reader-response\"><p role=\"status\" aria-live=\"polite\" aria-atomic=\"true\"><\/p> <ul><\/ul><\/div>\n<form action=\"\/index.php?rest_route=%2Fwp%2Fv2%2Fpages%2F50670#wpcf7-f23289-o1\" method=\"post\" class=\"wpcf7-form init\" aria-label=\"Formulario de contacto\" novalidate=\"novalidate\" data-status=\"init\">\n<fieldset class=\"hidden-fields-container\"><input type=\"hidden\" name=\"_wpcf7\" value=\"23289\" \/><input type=\"hidden\" name=\"_wpcf7_version\" value=\"6.1.5\" \/><input type=\"hidden\" name=\"_wpcf7_locale\" value=\"es_ES\" \/><input type=\"hidden\" name=\"_wpcf7_unit_tag\" value=\"wpcf7-f23289-o1\" \/><input type=\"hidden\" name=\"_wpcf7_container_post\" value=\"0\" \/><input type=\"hidden\" name=\"_wpcf7_posted_data_hash\" value=\"\" \/><input type=\"hidden\" name=\"_wpcf7_recaptcha_response\" value=\"\" \/>\n<\/fieldset>\n<p><label> Nombre<br \/>\n<span class=\"wpcf7-form-control-wrap\" data-name=\"your-name\"><input size=\"40\" maxlength=\"60\" class=\"wpcf7-form-control wpcf7-text wpcf7-validates-as-required\" aria-required=\"true\" aria-invalid=\"false\" value=\"\" type=\"text\" name=\"your-name\" \/><\/span> <\/label>\n<\/p>\n<p><label> Apellido<br \/>\n<span class=\"wpcf7-form-control-wrap\" data-name=\"your-apellido\"><input size=\"40\" maxlength=\"60\" class=\"wpcf7-form-control wpcf7-text wpcf7-validates-as-required\" aria-required=\"true\" aria-invalid=\"false\" value=\"\" type=\"text\" name=\"your-apellido\" \/><\/span> <\/label>\n<\/p>\n<p><label> Correo electr\u00f3nico<br \/>\n<span class=\"wpcf7-form-control-wrap\" data-name=\"your-email\"><input size=\"40\" maxlength=\"400\" class=\"wpcf7-form-control wpcf7-email wpcf7-validates-as-required wpcf7-text wpcf7-validates-as-email\" aria-required=\"true\" aria-invalid=\"false\" value=\"e-mail\" type=\"email\" name=\"your-email\" \/><\/span> <\/label>\n<\/p>\n<p><label> N\u00famero de tel\u00e9fono con c\u00f3digo de pa\u00eds y de \u00e1rea.<br \/>\n<span class=\"wpcf7-form-control-wrap\" data-name=\"your-phone\"><input size=\"40\" maxlength=\"30\" class=\"wpcf7-form-control wpcf7-tel wpcf7-text wpcf7-validates-as-tel\" aria-invalid=\"false\" value=\"\" type=\"tel\" name=\"your-phone\" \/><\/span><br \/>\n<\/label>\n<\/p>\n<p><label> Documento de identificaci\u00f3n (N\u00famero de identidad de su pais o pasaporte)<br \/>\n<span class=\"wpcf7-form-control-wrap\" data-name=\"your-id\"><input size=\"40\" maxlength=\"80\" class=\"wpcf7-form-control wpcf7-text wpcf7-validates-as-required\" aria-required=\"true\" aria-invalid=\"false\" value=\"\" type=\"text\" name=\"your-id\" \/><\/span> <\/label>\n<\/p>\n<p><label> Pa\u00eds<br \/>\n<span class=\"wpcf7-form-control-wrap\" data-name=\"your-country\"><input size=\"40\" maxlength=\"100\" class=\"wpcf7-form-control wpcf7-text wpcf7-validates-as-required\" aria-required=\"true\" aria-invalid=\"false\" value=\"\" type=\"text\" name=\"your-country\" \/><\/span> <\/label>\n<\/p>\n<p><label>G\u00e9nero <\/label><br \/>\n<span class=\"wpcf7-form-control-wrap\" data-name=\"your-gender\"><select class=\"wpcf7-form-control wpcf7-select wpcf7-validates-as-required\" aria-required=\"true\" aria-invalid=\"false\" name=\"your-gender\"><option value=\"\">Seleccione una opci\u00f3n<\/option><option value=\"Hombre Cis\">Hombre Cis<\/option><option value=\"Mujer Cis\">Mujer Cis<\/option><option value=\"Hombre Trans\">Hombre Trans<\/option><option value=\"Mujer Trans\">Mujer Trans<\/option><option value=\"Travest\u00ed\">Travest\u00ed<\/option><option value=\"G\u00e9nero no bin\u00e1rio\">G\u00e9nero no bin\u00e1rio<\/option><option value=\"Otro\">Otro<\/option><option value=\"Prefiero no definirme\">Prefiero no definirme<\/option><\/select><\/span>\n<\/p>\n<p><label> Otro - (opcional) - Rellene este campo \u00fanicamente si seleccion\u00f3 la opci\u00f3n \"G\u00e9nero Otro\".<br \/>\n<span class=\"wpcf7-form-control-wrap\" data-name=\"other-gender\"><input size=\"40\" maxlength=\"50\" class=\"wpcf7-form-control wpcf7-text\" aria-invalid=\"false\" value=\"\" type=\"text\" name=\"other-gender\" \/><\/span> <\/label>\n<\/p>\n<p><label> Instituci\u00f3n<br \/>\n<span class=\"wpcf7-form-control-wrap\" data-name=\"your-institution\"><input size=\"40\" maxlength=\"200\" class=\"wpcf7-form-control wpcf7-text wpcf7-validates-as-required\" aria-required=\"true\" aria-invalid=\"false\" value=\"\" type=\"text\" name=\"your-institution\" \/><\/span> <\/label>\n<\/p>\n<p><label>Titulaci\u00f3n <\/label><br \/>\n<span class=\"wpcf7-form-control-wrap\" data-name=\"your-title\"><select class=\"wpcf7-form-control wpcf7-select wpcf7-validates-as-required\" aria-required=\"true\" aria-invalid=\"false\" name=\"your-title\"><option value=\"\">Seleccione una opci\u00f3n<\/option><option value=\"Doutor\/Doctor\">Doutor\/Doctor<\/option><option value=\"Doutorando\/Estudiante de doctorado\">Doutorando\/Estudiante de doctorado<\/option><option value=\"Mestre\/Mestre\">Mestre\/Mestre<\/option><option value=\"Mestrando\/Estudiante de Mag\u00edster\">Mestrando\/Estudiante de Mag\u00edster<\/option><option value=\"Graduado\/Graduado\">Graduado\/Graduado<\/option><option value=\"Aluno de gradua\u00e7\u00e3o\/Estudiante de grado\">Aluno de gradua\u00e7\u00e3o\/Estudiante de grado<\/option><option value=\"Otro\">Otro<\/option><\/select><\/span>\n<\/p>\n<p><label>Su Membresia<\/label><br \/>\n<span class=\"wpcf7-form-control-wrap\" data-name=\"your-membership\"><select class=\"wpcf7-form-control wpcf7-select wpcf7-validates-as-required\" aria-required=\"true\" aria-invalid=\"false\" name=\"your-membership\"><option value=\"\">Seleccione una opci\u00f3n<\/option><option value=\"ALACIP\">ALACIP<\/option><option value=\"SAAP\">SAAP<\/option><option value=\"Sin afiliaci\u00f3n\">Sin afiliaci\u00f3n<\/option><\/select><\/span>\n<\/p>\n<p><label>Curso (20 de Julio, 2026)<\/label><br \/>\nPor favor, seleccione hasta 5 cursos de su inter\u00e9s y as\u00edgneles un n\u00famero de preferencia del 1 al 5, donde 1 representa su primera opci\u00f3n (la m\u00e1s deseada) y 5 la \u00faltima.\n<\/p>\n<p>Tenga en cuenta que la mayor\u00eda de los cursos se realizan en el mismo d\u00eda y en jornada completa, por lo que solo podr\u00e1 cursar uno de ellos. Solo 4 cursos son de medio d\u00eda, lo que podr\u00eda permitir combinaciones.\n<\/p>\n<p>Ejemplo:<br \/>\n1 \u2013 Nombre del curso preferido<br \/>\n2 \u2013 Segundo curso de preferencia<br \/>\n3 \u2013 Tercer curso de preferencia\n<\/p>\n<p>El orden de preferencia nos ayudar\u00e1 a asignarlo al curso disponible m\u00e1s adecuado seg\u00fan la demanda.\n<\/p>\n<div class=\"linha-curso\">\n\t<p><span class=\"wpcf7-form-control-wrap\" data-name=\"ecosistema-informatico\"><select class=\"wpcf7-form-control wpcf7-select caixa-pesquisa\" aria-invalid=\"false\" name=\"ecosistema-informatico\"><option value=\"\"><\/option><option value=\"1\">1<\/option><option value=\"2\">2<\/option><option value=\"3\">3<\/option><option value=\"4\">4<\/option><option value=\"5\">5<\/option><\/select><\/span><br \/>\n<span class=\"texto-curso\">Ecosistema Inform\u00e1tico para Investigaci\u00f3n Pol\u00edtica Reproducible (14h \u2013 17h)<\/span>\n\t<\/p>\n<\/div>\n<div class=\"linha-curso\">\n\t<p><span class=\"wpcf7-form-control-wrap\" data-name=\"estado-democracia-y-revolucion\"><select class=\"wpcf7-form-control wpcf7-select caixa-pesquisa\" aria-invalid=\"false\" name=\"estado-democracia-y-revolucion\"><option value=\"\"><\/option><option value=\"1\">1<\/option><option value=\"2\">2<\/option><option value=\"3\">3<\/option><option value=\"4\">4<\/option><option value=\"5\">5<\/option><\/select><\/span><br \/>\n<span class=\"texto-curso\">Estado, Democracia y Revoluci\u00f3n: 50 a\u00f1os de M\u00e9todo Hist\u00f3rico-Comparado. (9-17h, pausa: 12-14h)<\/span>\n\t<\/p>\n<\/div>\n<div class=\"linha-curso\">\n\t<p><span class=\"wpcf7-form-control-wrap\" data-name=\"estimacion-de-puntos-ideales\"><select class=\"wpcf7-form-control wpcf7-select caixa-pesquisa\" aria-invalid=\"false\" name=\"estimacion-de-puntos-ideales\"><option value=\"\"><\/option><option value=\"1\">1<\/option><option value=\"2\">2<\/option><option value=\"3\">3<\/option><option value=\"4\">4<\/option><option value=\"5\">5<\/option><\/select><\/span><br \/>\n<span class=\"texto-curso\">Estimaci\u00f3n de puntos ideales en ciencia pol\u00edtica: una introducci\u00f3n pr\u00e1ctica en R. (9-17h, pausa: 12-14h)<\/span>\n\t<\/p>\n<\/div>\n<div class=\"linha-curso\">\n\t<p><span class=\"wpcf7-form-control-wrap\" data-name=\"experimentos-y-experimentos-de-encuesta\"><select class=\"wpcf7-form-control wpcf7-select caixa-pesquisa\" aria-invalid=\"false\" name=\"experimentos-y-experimentos-de-encuesta\"><option value=\"\"><\/option><option value=\"1\">1<\/option><option value=\"2\">2<\/option><option value=\"3\">3<\/option><option value=\"4\">4<\/option><option value=\"5\">5<\/option><\/select><\/span><br \/>\n<span class=\"texto-curso\">Experimentos y experimentos de encuesta. (14-17h)<\/span>\n\t<\/p>\n<\/div>\n<div class=\"linha-curso\">\n\t<p><span class=\"wpcf7-form-control-wrap\" data-name=\"introduccion-a-la-evaluacion-de-politicas-publicas\"><select class=\"wpcf7-form-control wpcf7-select caixa-pesquisa\" aria-invalid=\"false\" name=\"introduccion-a-la-evaluacion-de-politicas-publicas\"><option value=\"\"><\/option><option value=\"1\">1<\/option><option value=\"2\">2<\/option><option value=\"3\">3<\/option><option value=\"4\">4<\/option><option value=\"5\">5<\/option><\/select><\/span><br \/>\n<span class=\"texto-curso\">Introducci\u00f3n a la Evaluaci\u00f3n de Pol\u00edticas P\u00fablicas. (9-17h, pausa: 12-14h)<\/span>\n\t<\/p>\n<\/div>\n<div class=\"linha-curso\">\n\t<p><span class=\"wpcf7-form-control-wrap\" data-name=\"introduccion-al-qca\"><select class=\"wpcf7-form-control wpcf7-select caixa-pesquisa\" aria-invalid=\"false\" name=\"introduccion-al-qca\"><option value=\"\"><\/option><option value=\"1\">1<\/option><option value=\"2\">2<\/option><option value=\"3\">3<\/option><option value=\"4\">4<\/option><option value=\"5\">5<\/option><\/select><\/span><br \/>\n<span class=\"texto-curso\">Introducci\u00f3n al QCA. (9-17h, pausa: 12-14h)<\/span>\n\t<\/p>\n<\/div>\n<div class=\"linha-curso\">\n\t<p><span class=\"wpcf7-form-control-wrap\" data-name=\"introduction-to-multi-method-research\"><select class=\"wpcf7-form-control wpcf7-select caixa-pesquisa\" aria-invalid=\"false\" name=\"introduction-to-multi-method-research\"><option value=\"\"><\/option><option value=\"1\">1<\/option><option value=\"2\">2<\/option><option value=\"3\">3<\/option><option value=\"4\">4<\/option><option value=\"5\">5<\/option><\/select><\/span><br \/>\n<span class=\"texto-curso\">Introduction to multi-method research in Political Science. (9-17h, pausa: 12-14h)<\/span>\n\t<\/p>\n<\/div>\n<div class=\"linha-curso\">\n\t<p><span class=\"wpcf7-form-control-wrap\" data-name=\"la-ecuacion-del-voto\"><select class=\"wpcf7-form-control wpcf7-select caixa-pesquisa\" aria-invalid=\"false\" name=\"la-ecuacion-del-voto\"><option value=\"\"><\/option><option value=\"1\">1<\/option><option value=\"2\">2<\/option><option value=\"3\">3<\/option><option value=\"4\">4<\/option><option value=\"5\">5<\/option><\/select><\/span><br \/>\n<span class=\"texto-curso\">La ecuaci\u00f3n del voto: La evoluci\u00f3n del concepto de ideolog\u00eda, valencia y geometr\u00eda pol\u00edtica en la Ciencia Pol\u00edtica. (9-12h)<\/span>\n\t<\/p>\n<\/div>\n<div class=\"linha-curso\">\n\t<p><span class=\"wpcf7-form-control-wrap\" data-name=\"operacionalizacion-rigurosa\"><select class=\"wpcf7-form-control wpcf7-select caixa-pesquisa\" aria-invalid=\"false\" name=\"operacionalizacion-rigurosa\"><option value=\"\"><\/option><option value=\"1\">1<\/option><option value=\"2\">2<\/option><option value=\"3\">3<\/option><option value=\"4\">4<\/option><option value=\"5\">5<\/option><\/select><\/span><br \/>\n<span class=\"texto-curso\">Operacionalizaci\u00f3n rigurosa: taller sobre medici\u00f3n de variables complejas en ciencia pol\u00edtica. (9-17h, pausa: 12-14h)<\/span>\n\t<\/p>\n<\/div>\n<div class=\"linha-curso\">\n\t<p><span class=\"wpcf7-form-control-wrap\" data-name=\"process-tracing\"><select class=\"wpcf7-form-control wpcf7-select caixa-pesquisa\" aria-invalid=\"false\" name=\"process-tracing\"><option value=\"\"><\/option><option value=\"1\">1<\/option><option value=\"2\">2<\/option><option value=\"3\">3<\/option><option value=\"4\">4<\/option><option value=\"5\">5<\/option><\/select><\/span><br \/>\n<span class=\"texto-curso\">Process Tracing. (9-17h, pausa: 12-14h)<\/span>\n\t<\/p>\n<\/div>\n<div class=\"linha-curso\">\n\t<p><span class=\"wpcf7-form-control-wrap\" data-name=\"r-y-python-para-visualizacion-de-datos\"><select class=\"wpcf7-form-control wpcf7-select caixa-pesquisa\" aria-invalid=\"false\" name=\"r-y-python-para-visualizacion-de-datos\"><option value=\"\"><\/option><option value=\"1\">1<\/option><option value=\"2\">2<\/option><option value=\"3\">3<\/option><option value=\"4\">4<\/option><option value=\"5\">5<\/option><\/select><\/span><br \/>\n<span class=\"texto-curso\">R y Python para Visualizaci\u00f3n de Datos. (9-12h)<\/span>\n\t<\/p>\n<\/div>\n<p><span class=\"wpcf7-form-control-wrap\" data-name=\"textarea-850\"><textarea cols=\"40\" rows=\"10\" maxlength=\"400\" class=\"wpcf7-form-control wpcf7-textarea\" aria-invalid=\"false\" name=\"textarea-850\">Observaci\u00f3n adicional<\/textarea><\/span>\n<\/p>\n<p><input class=\"wpcf7-form-control wpcf7-submit has-spinner\" type=\"submit\" value=\"Enviar\" \/>\n<\/p><div class=\"wpcf7-response-output\" aria-hidden=\"true\"><\/div>\n<\/form>\n<\/div>\n\n","protected":false},"excerpt":{"rendered":"","protected":false},"author":88889,"featured_media":0,"parent":50544,"menu_order":0,"comment_status":"closed","ping_status":"closed","template":"","meta":{"_genesis_hide_title":false,"_genesis_hide_breadcrumbs":false,"_genesis_hide_singular_image":false,"_genesis_hide_footer_widgets":false,"_genesis_custom_body_class":"","_genesis_custom_post_class":"","_genesis_layout":"","footnotes":""},"class_list":{"0":"post-50670","1":"page","2":"type-page","3":"status-publish","5":"entry"},"_links":{"self":[{"href":"https:\/\/alacip.org\/index.php?rest_route=\/wp\/v2\/pages\/50670","targetHints":{"allow":["GET"]}}],"collection":[{"href":"https:\/\/alacip.org\/index.php?rest_route=\/wp\/v2\/pages"}],"about":[{"href":"https:\/\/alacip.org\/index.php?rest_route=\/wp\/v2\/types\/page"}],"author":[{"embeddable":true,"href":"https:\/\/alacip.org\/index.php?rest_route=\/wp\/v2\/users\/88889"}],"replies":[{"embeddable":true,"href":"https:\/\/alacip.org\/index.php?rest_route=%2Fwp%2Fv2%2Fcomments&post=50670"}],"version-history":[{"count":2,"href":"https:\/\/alacip.org\/index.php?rest_route=\/wp\/v2\/pages\/50670\/revisions"}],"predecessor-version":[{"id":50694,"href":"https:\/\/alacip.org\/index.php?rest_route=\/wp\/v2\/pages\/50670\/revisions\/50694"}],"up":[{"embeddable":true,"href":"https:\/\/alacip.org\/index.php?rest_route=\/wp\/v2\/pages\/50544"}],"wp:attachment":[{"href":"https:\/\/alacip.org\/index.php?rest_route=%2Fwp%2Fv2%2Fmedia&parent=50670"}],"curies":[{"name":"wp","href":"https:\/\/api.w.org\/{rel}","templated":true}]}}