{"id":5745,"date":"2014-08-26T13:36:05","date_gmt":"2014-08-26T16:36:05","guid":{"rendered":"https:\/\/alacip.org\/?page_id=5745"},"modified":"2025-09-29T19:10:45","modified_gmt":"2025-09-29T22:10:45","slug":"convocatoria-para-la-presentacion-de-articulos-academicos","status":"publish","type":"page","link":"https:\/\/alacip.org\/?page_id=5745","title":{"rendered":"Convocatoria para la publicaci\u00f3n de art\u00edculos acad\u00e9micos y publicaciones de miembros ALACIP"},"content":{"rendered":"\n<h2 class=\"wp-block-heading has-text-align-center\">Octubre 2025<\/h2>\n\n\n\n<p><\/p>\n\n\n\n<ul class=\"wp-block-list\">\n<li><a href=\"https:\/\/alacip.org\/?p=49878\">XIII Congreso ALACIP 2026 (UTDT, Buenos Aires, ARG) \u2013 Cronograma y fechas<\/a><\/li>\n\n\n\n<li><a href=\"https:\/\/alacip.org\/?p=49948\">Convocatoria de Trabajos: Taller JCPA y Sociedad ICPA sobre G\u00e9nero y Pol\u00edticas P\u00fablicas Comparadas<\/a><\/li>\n\n\n\n<li><a href=\"https:\/\/alacip.org\/?p=49900\">Lan\u00e7amento do livro \u00abDesmonte e Reconstru\u00e7\u00e3o das Capacidades Estatais: Dilemas da Trajet\u00f3ria Brasileira P\u00f3s-Pandemia\u00bb, organizado por Andr\u00e9s del Rio e Andrea Oliveira Ribeiro (Editora CRV)<\/a><\/li>\n\n\n\n<li><a href=\"https:\/\/alacip.org\/?p=50006\">Difusi\u00f3n del Diccionario Multimedia de Polarizaci\u00f3n Pol\u00edtica y Afectiva (Dir.: Crespo Mart\u00ednez, I.) \u2013 Asociaci\u00f3n Latinoamericana de Investigadores en Campa\u00f1as Electorales (ALICE)<\/a><\/li>\n<\/ul>\n","protected":false},"excerpt":{"rendered":"<p>Octubre 2025<\/p>\n","protected":false},"author":88890,"featured_media":0,"parent":0,"menu_order":0,"comment_status":"open","ping_status":"open","template":"","meta":{"_genesis_hide_title":false,"_genesis_hide_breadcrumbs":false,"_genesis_hide_singular_image":false,"_genesis_hide_footer_widgets":false,"_genesis_custom_body_class":"","_genesis_custom_post_class":"","_genesis_layout":"","footnotes":""},"class_list":{"0":"post-5745","1":"page","2":"type-page","3":"status-publish","5":"entry","6":"has-post-thumbnail"},"_links":{"self":[{"href":"https:\/\/alacip.org\/index.php?rest_route=\/wp\/v2\/pages\/5745","targetHints":{"allow":["GET"]}}],"collection":[{"href":"https:\/\/alacip.org\/index.php?rest_route=\/wp\/v2\/pages"}],"about":[{"href":"https:\/\/alacip.org\/index.php?rest_route=\/wp\/v2\/types\/page"}],"author":[{"embeddable":true,"href":"https:\/\/alacip.org\/index.php?rest_route=\/wp\/v2\/users\/88890"}],"replies":[{"embeddable":true,"href":"https:\/\/alacip.org\/index.php?rest_route=%2Fwp%2Fv2%2Fcomments&post=5745"}],"version-history":[{"count":183,"href":"https:\/\/alacip.org\/index.php?rest_route=\/wp\/v2\/pages\/5745\/revisions"}],"predecessor-version":[{"id":50017,"href":"https:\/\/alacip.org\/index.php?rest_route=\/wp\/v2\/pages\/5745\/revisions\/50017"}],"wp:attachment":[{"href":"https:\/\/alacip.org\/index.php?rest_route=%2Fwp%2Fv2%2Fmedia&parent=5745"}],"curies":[{"name":"wp","href":"https:\/\/api.w.org\/{rel}","templated":true}]}}