{"id":6490,"date":"2015-05-07T08:47:42","date_gmt":"2015-05-07T11:47:42","guid":{"rendered":"https:\/\/alacip.org\/?page_id=6490"},"modified":"2015-09-05T11:09:30","modified_gmt":"2015-09-05T14:09:30","slug":"inscripciones-para-la-escuela-alacip-de-metodos","status":"publish","type":"page","link":"https:\/\/alacip.org\/?page_id=6490","title":{"rendered":"Inscripciones para la Escuela ALACIP de M\u00e9todos"},"content":{"rendered":"<p><a href=\"https:\/\/alacip.org\/?attachment_id=5212\" rel=\"attachment wp-att-5212\"><img loading=\"lazy\" decoding=\"async\" class=\"aligncenter size-full wp-image-5212\" src=\"https:\/\/alacip.org\/wp-content\/uploads\/2014\/03\/logoEscalacip1.png\" alt=\"logoEscalacip\" width=\"615\" height=\"263\" srcset=\"https:\/\/alacip.org\/wp-content\/uploads\/2014\/03\/logoEscalacip1.png 615w, https:\/\/alacip.org\/wp-content\/uploads\/2014\/03\/logoEscalacip1-300x128.png 300w\" sizes=\"auto, (max-width: 615px) 100vw, 615px\" \/><\/a><\/p>\n<p>&nbsp;<\/p>\n<p>Para realizar tu inscripci\u00f3n en la Escuela ALACIP de M\u00e9todos, debes (1) rellenar el formulario de inscripci\u00f3n y (2) pagar el <a href=\"#p6490\">valor del curso<\/a>. La p\u00e1gina para hacer el pago ser\u00e1 exibida despues que env\u00ede la informaci\u00f3n del formulario. Los pagos deben hacerse todos de una vez a trav\u00e9s de PayPal, que les pide la indicaci\u00f3n de cu\u00e1l curso o taller tomar\u00e1n nuevamente.<\/p>\n<p><strong>El precio de los cursos es de US$ 50 para los miembros de ALACIP, y de US$ 100 para los no miembros. Mientras que el de los talleres es de US$ 15 para los miembros ALACIP y US$ 30 para los no miembros.\u00a0<\/strong><\/p>\n<p>[gravityform id=\u00bb7&#8243; title=\u00bbtrue\u00bb description=\u00bbtrue\u00bb]:<\/p>\n<form action=\"https:\/\/www.paypal.com\/cgi-bin\/webscr\" method=\"post\" target=\"_top\"><\/form>\n","protected":false},"excerpt":{"rendered":"<p>&nbsp; Para realizar tu inscripci\u00f3n en la Escuela ALACIP de M\u00e9todos, debes (1) rellenar el formulario de inscripci\u00f3n y (2) pagar el valor del curso. La p\u00e1gina para hacer el pago ser\u00e1 exibida despues que env\u00ede la informaci\u00f3n del formulario. Los pagos deben hacerse todos de una vez a trav\u00e9s de PayPal, que les pide [&hellip;]<\/p>\n","protected":false},"author":88890,"featured_media":0,"parent":5200,"menu_order":0,"comment_status":"open","ping_status":"open","template":"","meta":{"_genesis_hide_title":false,"_genesis_hide_breadcrumbs":false,"_genesis_hide_singular_image":false,"_genesis_hide_footer_widgets":false,"_genesis_custom_body_class":"","_genesis_custom_post_class":"","_genesis_layout":"","footnotes":""},"class_list":{"0":"post-6490","1":"page","2":"type-page","3":"status-publish","5":"entry"},"_links":{"self":[{"href":"https:\/\/alacip.org\/index.php?rest_route=\/wp\/v2\/pages\/6490","targetHints":{"allow":["GET"]}}],"collection":[{"href":"https:\/\/alacip.org\/index.php?rest_route=\/wp\/v2\/pages"}],"about":[{"href":"https:\/\/alacip.org\/index.php?rest_route=\/wp\/v2\/types\/page"}],"author":[{"embeddable":true,"href":"https:\/\/alacip.org\/index.php?rest_route=\/wp\/v2\/users\/88890"}],"replies":[{"embeddable":true,"href":"https:\/\/alacip.org\/index.php?rest_route=%2Fwp%2Fv2%2Fcomments&post=6490"}],"version-history":[{"count":16,"href":"https:\/\/alacip.org\/index.php?rest_route=\/wp\/v2\/pages\/6490\/revisions"}],"predecessor-version":[{"id":6507,"href":"https:\/\/alacip.org\/index.php?rest_route=\/wp\/v2\/pages\/6490\/revisions\/6507"}],"up":[{"embeddable":true,"href":"https:\/\/alacip.org\/index.php?rest_route=\/wp\/v2\/pages\/5200"}],"wp:attachment":[{"href":"https:\/\/alacip.org\/index.php?rest_route=%2Fwp%2Fv2%2Fmedia&parent=6490"}],"curies":[{"name":"wp","href":"https:\/\/api.w.org\/{rel}","templated":true}]}}