{"id":6508,"date":"2015-05-19T22:08:20","date_gmt":"2015-05-20T01:08:20","guid":{"rendered":"https:\/\/alacip.org\/?page_id=6508"},"modified":"2015-09-05T11:10:45","modified_gmt":"2015-09-05T14:10:45","slug":"pago-inscripciones-para-la-escuela-alacip-de-metodos","status":"publish","type":"page","link":"https:\/\/alacip.org\/?page_id=6508","title":{"rendered":"Pago &#8211; Inscripciones para la Escuela ALACIP de M\u00e9todos"},"content":{"rendered":"<p><img loading=\"lazy\" decoding=\"async\" src=\"https:\/\/www.paypalobjects.com\/pt_BR\/i\/scr\/pixel.gif\" alt=\"\" width=\"1\" height=\"1\" border=\"0\" \/>Realice el pago de su inscripci\u00f3n a la Escuela a trav\u00e9s de PayPal con precios promocionales para los miembros ALACIP:<\/p>\n<form action=\"https:\/\/www.paypal.com\/cgi-bin\/webscr\" method=\"post\" target=\"paypal\"><input name=\"cmd\" type=\"hidden\" value=\"_s-xclick\" \/><br \/>\n<input name=\"hosted_button_id\" type=\"hidden\" value=\"27R4BSJTZBKTA\" \/><\/p>\n<table>\n<tbody>\n<tr>\n<td><input name=\"on0\" type=\"hidden\" value=\"Escuela Precios Miembros ALACIP\" \/>Escuela Precios Miembros ALACIP<\/td>\n<\/tr>\n<tr>\n<td><select name=\"os0\"><option value=\"Curso (8hs) 21 de julio\">Curso (8hs) 21 de julio $50,00 USD<\/option><option value=\"TD 1 o 2 (22 de julio)\">TD 1 o 2 (22 de julio) $15,00 USD<\/option><option value=\"TD 3 o 4 (23 de julio)\">TD 3 o 4 (23 de julio) $15,00 USD<\/option><option value=\"TD 5 o 6 (24 de julio)\">TD 5 o 6 (24 de julio) $15,00 USD<\/option><\/select><\/td>\n<\/tr>\n<\/tbody>\n<\/table>\n<p><input name=\"currency_code\" type=\"hidden\" value=\"USD\" \/><br \/>\n<input alt=\"PayPal - A maneira f\u00e1cil e segura de enviar pagamentos online!\" name=\"submit\" src=\"https:\/\/www.paypalobjects.com\/pt_BR\/i\/btn\/btn_cart_LG.gif\" type=\"image\" \/><br \/>\n<img loading=\"lazy\" decoding=\"async\" src=\"https:\/\/www.paypalobjects.com\/pt_BR\/i\/scr\/pixel.gif\" alt=\"\" width=\"1\" height=\"1\" border=\"0\" \/><\/p>\n<\/form>\n<form action=\"https:\/\/www.paypal.com\/cgi-bin\/webscr\" method=\"post\" target=\"paypal\"><input name=\"hosted_button_id\" type=\"hidden\" value=\"J7HFC7VG5XJ8A\" \/><\/p>\n<table>\n<tbody>\n<tr>\n<td><input name=\"on0\" type=\"hidden\" value=\"Escuela Precios No Miembros ALACIP\" \/>Escuela Precios No Miembros ALACIP<\/td>\n<\/tr>\n<tr>\n<td><select name=\"os0\"><option value=\"Curso (8hs) 21 de julio\">Curso (8hs) 21 de julio $100,00 USD<\/option><option value=\"TD 1 o 2 (22 de julio)\">TD 1 o 2 (22 de julio) $30,00 USD<\/option><option value=\"TD 3 o 4 (23 de julio)\">TD 3 o 4 (23 de julio) $30,00 USD<\/option><option value=\"TD 5 o 6 (24 de julio)\">TD 5 o 6 (24 de julio) $30,00 USD<\/option><\/select><\/td>\n<\/tr>\n<\/tbody>\n<\/table>\n<p><input name=\"currency_code\" type=\"hidden\" value=\"USD\" \/><br \/>\n<input alt=\"PayPal - A maneira f\u00e1cil e segura de enviar pagamentos online!\" name=\"submit\" src=\"https:\/\/www.paypalobjects.com\/pt_BR\/i\/btn\/btn_cart_LG.gif\" type=\"image\" \/><br \/>\n<img loading=\"lazy\" decoding=\"async\" src=\"https:\/\/www.paypalobjects.com\/pt_BR\/i\/scr\/pixel.gif\" alt=\"\" width=\"1\" height=\"1\" border=\"0\" \/><\/p>\n<\/form>\n<form action=\"https:\/\/www.paypal.com\/cgi-bin\/webscr\" method=\"post\" target=\"paypal\"><input name=\"cmd\" type=\"hidden\" value=\"_s-xclick\" \/><\/form>\n<form action=\"https:\/\/www.paypal.com\/cgi-bin\/webscr\" method=\"post\" target=\"paypal\"><\/form>\n<form action=\"https:\/\/www.paypal.com\/cgi-bin\/webscr\" method=\"post\" target=\"paypal\"><\/form>\n<table id=\"p6490\" width=\"940\">\n<tbody>\n<tr>\n<td width=\"522\"><strong>CURSO (8 horas)<\/strong><\/td>\n<td width=\"418\"><strong>CURSO (8 horas)<\/strong><\/td>\n<\/tr>\n<tr>\n<td><strong>21 de julio 2015<\/strong><\/td>\n<td><strong>21 de julio 2015<\/strong><\/td>\n<\/tr>\n<tr>\n<td><span style=\"color: #0000ff;\">Introducci\u00f3n a la programaci\u00f3n en Python<\/span><\/td>\n<td><span style=\"color: #0000ff;\">Introducci\u00f3n al R<\/span><\/td>\n<\/tr>\n<tr>\n<td>Expositor: Dr. Jos\u00e9 Manuel Magallanes<\/td>\n<td>Expositor: Lic. Jos\u00e9 Luis Incio<\/td>\n<\/tr>\n<tr>\n<td>Horario: de 10 a.m. a 6 p.m.<\/td>\n<td>Horario: de 10 a.m. a 6 p.m.<\/td>\n<\/tr>\n<tr>\n<td>COSTO:<\/td>\n<td>COSTO:<\/td>\n<\/tr>\n<tr>\n<td>MIEMBRO ALACIP US$ 50<\/td>\n<td>MIEMBRO ALACIP US$ 50<\/td>\n<\/tr>\n<tr>\n<td>NO MIEMBRO ALACIP: US$ 100<\/td>\n<td>NO MIEMBRO ALACIP: US$ 100<\/td>\n<\/tr>\n<\/tbody>\n<\/table>\n<p>&nbsp;<\/p>\n<form action=\"https:\/\/www.paypal.com\/cgi-bin\/webscr\" method=\"post\" target=\"_top\"><input name=\"hosted_button_id\" type=\"hidden\" value=\"KT39JBTFDMA24\" \/><\/p>\n<table width=\"940\">\n<tbody>\n<tr>\n<td width=\"522\"><strong>TALLER (TD1)<\/strong><\/td>\n<td width=\"418\"><strong>TALLER (TD2)<\/strong><\/td>\n<\/tr>\n<tr>\n<td><strong>22 de julio<\/strong><\/td>\n<td><strong>22 de julio<\/strong><\/td>\n<\/tr>\n<tr>\n<td><span style=\"color: #0000ff;\">An\u00e1lisis Pol\u00edtico Geo Referenciado con Geoda<\/span><\/td>\n<td><span style=\"color: #0000ff;\">Construcci\u00f3n de Redes sociales legislativas con Python<\/span><\/td>\n<\/tr>\n<tr>\n<td>Expositores: Dra. Sonia Terr\u00f3n y Lic. Noam L\u00f3pez<\/td>\n<td>Expositores: Dr. Jos\u00e9 Manuel Magallanes y Dr. Ernesto Calvo<\/td>\n<\/tr>\n<tr>\n<td>Horario: de 7:45 a.m. a 9:45 a.m.<\/td>\n<td>Horario: de 7:45 a.m. a 9:45 a.m.<\/td>\n<\/tr>\n<tr>\n<td>COSTO:<\/td>\n<td>COSTO:<\/td>\n<\/tr>\n<tr>\n<td>MIEMBRO ALACIP US$ 15<\/td>\n<td>MIEMBRO ALACIP US$ 15<\/td>\n<\/tr>\n<tr>\n<td>NO MIEMBRO ALACIP: US$ 30<\/td>\n<td>NO MIEMBRO ALACIP: US$ 30<\/td>\n<\/tr>\n<\/tbody>\n<\/table>\n<p>&nbsp;<\/p>\n<table width=\"940\">\n<tbody>\n<tr>\n<td width=\"522\"><strong>TALLER (TD3)<\/strong><\/td>\n<td width=\"418\"><strong>TALLER (TD4)<\/strong><\/td>\n<\/tr>\n<tr>\n<td><strong>23 de julio<\/strong><\/td>\n<td><strong>23 de julio<\/strong><\/td>\n<\/tr>\n<tr>\n<td><span style=\"color: #0000ff;\">Regresi\u00f3n en R<\/span><\/td>\n<td><span style=\"color: #0000ff;\">Uso del R para QCA (Qualitative Comparative Analysis)<\/span><\/td>\n<\/tr>\n<tr>\n<td>Expositores: Dr. Juan Carlos Rodriguez y Lic. Lorena L\u00e9vano<\/td>\n<td>Expositores: Dr. Anibal P\u00e9rez Li\u00f1an y Lic. Jos\u00e9 Luis Incio<\/td>\n<\/tr>\n<tr>\n<td>COSTO:<\/td>\n<td>COSTO:<\/td>\n<\/tr>\n<tr>\n<td>MIEMBRO ALACIP US$ 15<\/td>\n<td>MIEMBRO ALACIP US$ 15<\/td>\n<\/tr>\n<tr>\n<td>NO MIEMBRO ALACIP: US$ 30<\/td>\n<td>NO MIEMBRO ALACIP: US$ 30<\/td>\n<\/tr>\n<\/tbody>\n<\/table>\n<p>&nbsp;<\/p>\n<table width=\"940\">\n<tbody>\n<tr>\n<td width=\"522\"><strong>TALLER (TD5)<\/strong><\/td>\n<td width=\"418\"><strong>TALLER (TD6)<\/strong><\/td>\n<\/tr>\n<tr>\n<td><strong>24 de julio<\/strong><\/td>\n<td><strong>24 de julio<\/strong><\/td>\n<\/tr>\n<tr>\n<td><span style=\"color: #0000ff;\">Modelamiento y Visualizaci\u00f3n de redes legislativas combinando R y Gephi<\/span><\/td>\n<td><span style=\"color: #0000ff;\">An\u00e1lisis de Encuestas de Opini\u00f3n en R<\/span><\/td>\n<\/tr>\n<tr>\n<td>Expositores: Dr. Ernesto Calvo y Dr. Jos\u00e9 Manuel Magallanes<\/td>\n<td>Expositores: Mg. David Sulmont y Lic. Sakimi Le\u00f3n<\/td>\n<\/tr>\n<tr>\n<td>COSTO:<\/td>\n<td>COSTO:<\/td>\n<\/tr>\n<tr>\n<td>MIEMBRO ALACIP US$ 15<\/td>\n<td>MIEMBRO ALACIP US$ 15<\/td>\n<\/tr>\n<tr>\n<td>NO MIEMBRO ALACIP: US$ 30<\/td>\n<td>NO MIEMBRO ALACIP: US$ 30<\/td>\n<\/tr>\n<\/tbody>\n<\/table>\n<\/form>\n","protected":false},"excerpt":{"rendered":"<p>Realice el pago de su inscripci\u00f3n a la Escuela a trav\u00e9s de PayPal con precios promocionales para los miembros ALACIP: Escuela Precios Miembros ALACIP Curso (8hs) 21 de julio $50,00 USDTD 1 o 2 (22 de julio) $15,00 USDTD 3 o 4 (23 de julio) $15,00 USDTD 5 o 6 (24 de julio) $15,00 USD [&hellip;]<\/p>\n","protected":false},"author":88889,"featured_media":0,"parent":5200,"menu_order":0,"comment_status":"open","ping_status":"open","template":"","meta":{"_genesis_hide_title":false,"_genesis_hide_breadcrumbs":false,"_genesis_hide_singular_image":false,"_genesis_hide_footer_widgets":false,"_genesis_custom_body_class":"","_genesis_custom_post_class":"","_genesis_layout":"","footnotes":""},"class_list":{"0":"post-6508","1":"page","2":"type-page","3":"status-publish","5":"entry"},"_links":{"self":[{"href":"https:\/\/alacip.org\/index.php?rest_route=\/wp\/v2\/pages\/6508","targetHints":{"allow":["GET"]}}],"collection":[{"href":"https:\/\/alacip.org\/index.php?rest_route=\/wp\/v2\/pages"}],"about":[{"href":"https:\/\/alacip.org\/index.php?rest_route=\/wp\/v2\/types\/page"}],"author":[{"embeddable":true,"href":"https:\/\/alacip.org\/index.php?rest_route=\/wp\/v2\/users\/88889"}],"replies":[{"embeddable":true,"href":"https:\/\/alacip.org\/index.php?rest_route=%2Fwp%2Fv2%2Fcomments&post=6508"}],"version-history":[{"count":6,"href":"https:\/\/alacip.org\/index.php?rest_route=\/wp\/v2\/pages\/6508\/revisions"}],"predecessor-version":[{"id":6520,"href":"https:\/\/alacip.org\/index.php?rest_route=\/wp\/v2\/pages\/6508\/revisions\/6520"}],"up":[{"embeddable":true,"href":"https:\/\/alacip.org\/index.php?rest_route=\/wp\/v2\/pages\/5200"}],"wp:attachment":[{"href":"https:\/\/alacip.org\/index.php?rest_route=%2Fwp%2Fv2%2Fmedia&parent=6508"}],"curies":[{"name":"wp","href":"https:\/\/api.w.org\/{rel}","templated":true}]}}