{"id":8409,"date":"2016-09-22T22:49:09","date_gmt":"2016-09-23T01:49:09","guid":{"rendered":"https:\/\/alacip.org\/?page_id=8409"},"modified":"2017-01-19T06:47:10","modified_gmt":"2017-01-19T09:47:10","slug":"paypal","status":"publish","type":"page","link":"https:\/\/alacip.org\/?page_id=8409","title":{"rendered":"Paypal"},"content":{"rendered":"<form action=\"https:\/\/www.paypal.com\/cgi-bin\/webscr\" method=\"post\" target=\"_top\">\n<input type=\"hidden\" name=\"cmd\" value=\"_s-xclick\"><br \/>\n<input type=\"hidden\" name=\"hosted_button_id\" value=\"AF6M7XM2EQK88\"><\/p>\n<table>\n<tr>\n<td><input type=\"hidden\" name=\"on0\" value=\"TIPOS DE MEMBRESIA\">TIPOS DE MEMBRESIA<\/td>\n<\/tr>\n<tr>\n<td><select name=\"os0\"><option value=\"Estudiante Post-grado (anual)\">Estudiante Post-grado (anual) : $25,00 USD &#8211; anualmente<\/option><option value=\"Graduados (Investigdores, Acad\u00e9micos y Profesionales) Anuales\">Graduados (Investigdores, Acad\u00e9micos y Profesionales) Anuales : $50,00 USD &#8211; anualmente<\/option><\/select> <\/td>\n<\/tr>\n<\/table>\n<p><input type=\"hidden\" name=\"currency_code\" value=\"USD\"><br \/>\n<input type=\"image\" src=\"https:\/\/www.paypalobjects.com\/pt_BR\/BR\/i\/btn\/btn_subscribeCC_LG.gif\" border=\"0\" name=\"submit\" alt=\"PayPal - A maneira f\u00e1cil e segura de enviar pagamentos online!\"><br \/>\n<img loading=\"lazy\" decoding=\"async\" alt=\"\" border=\"0\" src=\"https:\/\/www.paypalobjects.com\/pt_BR\/i\/scr\/pixel.gif\" width=\"1\" height=\"1\"><br \/>\n<\/form>\n<p>P\u00e1gina exclus\u00edva para pago de inscripci\u00f3n anual de membres\u00eda con uso de Paypal.<br \/>\nMensagem para brasileiros ou pessoas com conta de Paypal no Brasil: Use este link para fazer seu pagamento em Reais: <a href=\"https:\/\/alacip.org\/?page_id=9913\">https:\/\/alacip.org\/?page_id=9913<\/a>.<\/p>\n","protected":false},"excerpt":{"rendered":"<p>TIPOS DE MEMBRESIA Estudiante Post-grado (anual) : $25,00 USD &#8211; anualmenteGraduados (Investigdores, Acad\u00e9micos y Profesionales) Anuales : $50,00 USD &#8211; anualmente P\u00e1gina exclus\u00edva para pago de inscripci\u00f3n anual de membres\u00eda con uso de Paypal. Mensagem para brasileiros ou pessoas com conta de Paypal no Brasil: Use este link para fazer seu pagamento em Reais: https:\/\/alacip.org\/?page_id=9913.<\/p>\n","protected":false},"author":88889,"featured_media":0,"parent":0,"menu_order":0,"comment_status":"closed","ping_status":"closed","template":"","meta":{"_genesis_hide_title":false,"_genesis_hide_breadcrumbs":false,"_genesis_hide_singular_image":false,"_genesis_hide_footer_widgets":false,"_genesis_custom_body_class":"","_genesis_custom_post_class":"","_genesis_layout":"","footnotes":""},"class_list":{"0":"post-8409","1":"page","2":"type-page","3":"status-publish","5":"entry"},"_links":{"self":[{"href":"https:\/\/alacip.org\/index.php?rest_route=\/wp\/v2\/pages\/8409","targetHints":{"allow":["GET"]}}],"collection":[{"href":"https:\/\/alacip.org\/index.php?rest_route=\/wp\/v2\/pages"}],"about":[{"href":"https:\/\/alacip.org\/index.php?rest_route=\/wp\/v2\/types\/page"}],"author":[{"embeddable":true,"href":"https:\/\/alacip.org\/index.php?rest_route=\/wp\/v2\/users\/88889"}],"replies":[{"embeddable":true,"href":"https:\/\/alacip.org\/index.php?rest_route=%2Fwp%2Fv2%2Fcomments&post=8409"}],"version-history":[{"count":7,"href":"https:\/\/alacip.org\/index.php?rest_route=\/wp\/v2\/pages\/8409\/revisions"}],"predecessor-version":[{"id":9918,"href":"https:\/\/alacip.org\/index.php?rest_route=\/wp\/v2\/pages\/8409\/revisions\/9918"}],"wp:attachment":[{"href":"https:\/\/alacip.org\/index.php?rest_route=%2Fwp%2Fv2%2Fmedia&parent=8409"}],"curies":[{"name":"wp","href":"https:\/\/api.w.org\/{rel}","templated":true}]}}