{"id":8411,"date":"2016-09-22T23:37:51","date_gmt":"2016-09-23T02:37:51","guid":{"rendered":"https:\/\/alacip.org\/?page_id=8411"},"modified":"2016-09-22T23:43:31","modified_gmt":"2016-09-23T02:43:31","slug":"boleto-bancario","status":"publish","type":"page","link":"https:\/\/alacip.org\/?page_id=8411","title":{"rendered":"Boleto Banc\u00e1rio"},"content":{"rendered":"<blockquote><p><span style=\"color: #ff6600;\">Aten\u00e7\u00e3o! Esta p\u00e1gina \u00e9 para as pessoas que escolherem a op\u00e7\u00e3o boleto banc\u00e1rio no preenchimento do formul\u00e1rio de inscri\u00e7\u00e3o e que por algum motivo ainda n\u00e3o enviaram o comprovante de dep\u00f3sito. Se voc\u00ea j\u00e1 enviou o comprovante de dep\u00f3sito, n\u00e3o \u00e9 preciso enviar outra vez.<\/span><\/p><\/blockquote>\n<p>Envie seu comprovante no formul\u00e1rio abaixo, ou para o e-mail alacipinstitucional@gmail.com.<\/p>\n<p>[gravityform id=\u00bb9&#8243; title=\u00bbfalse\u00bb description=\u00bbfalse\u00bb]<\/p>\n<hr \/>\n<p>&nbsp;<\/p>\n","protected":false},"excerpt":{"rendered":"<p>Aten\u00e7\u00e3o! Esta p\u00e1gina \u00e9 para as pessoas que escolherem a op\u00e7\u00e3o boleto banc\u00e1rio no preenchimento do formul\u00e1rio de inscri\u00e7\u00e3o e que por algum motivo ainda n\u00e3o enviaram o comprovante de dep\u00f3sito. Se voc\u00ea j\u00e1 enviou o comprovante de dep\u00f3sito, n\u00e3o \u00e9 preciso enviar outra vez. Envie seu comprovante no formul\u00e1rio abaixo, ou para o e-mail [&hellip;]<\/p>\n","protected":false},"author":88889,"featured_media":0,"parent":0,"menu_order":0,"comment_status":"closed","ping_status":"closed","template":"","meta":{"_genesis_hide_title":false,"_genesis_hide_breadcrumbs":false,"_genesis_hide_singular_image":false,"_genesis_hide_footer_widgets":false,"_genesis_custom_body_class":"","_genesis_custom_post_class":"","_genesis_layout":"","footnotes":""},"class_list":{"0":"post-8411","1":"page","2":"type-page","3":"status-publish","5":"entry"},"_links":{"self":[{"href":"https:\/\/alacip.org\/index.php?rest_route=\/wp\/v2\/pages\/8411","targetHints":{"allow":["GET"]}}],"collection":[{"href":"https:\/\/alacip.org\/index.php?rest_route=\/wp\/v2\/pages"}],"about":[{"href":"https:\/\/alacip.org\/index.php?rest_route=\/wp\/v2\/types\/page"}],"author":[{"embeddable":true,"href":"https:\/\/alacip.org\/index.php?rest_route=\/wp\/v2\/users\/88889"}],"replies":[{"embeddable":true,"href":"https:\/\/alacip.org\/index.php?rest_route=%2Fwp%2Fv2%2Fcomments&post=8411"}],"version-history":[{"count":5,"href":"https:\/\/alacip.org\/index.php?rest_route=\/wp\/v2\/pages\/8411\/revisions"}],"predecessor-version":[{"id":8416,"href":"https:\/\/alacip.org\/index.php?rest_route=\/wp\/v2\/pages\/8411\/revisions\/8416"}],"wp:attachment":[{"href":"https:\/\/alacip.org\/index.php?rest_route=%2Fwp%2Fv2%2Fmedia&parent=8411"}],"curies":[{"name":"wp","href":"https:\/\/api.w.org\/{rel}","templated":true}]}}