{"id":8438,"date":"2016-09-23T13:14:46","date_gmt":"2016-09-23T16:14:46","guid":{"rendered":"https:\/\/alacip.org\/?page_id=8438"},"modified":"2018-09-30T17:51:44","modified_gmt":"2018-09-30T20:51:44","slug":"pagamento-com-boleto-bancario","status":"publish","type":"page","link":"https:\/\/alacip.org\/?page_id=8438","title":{"rendered":"Pagamento com Dep\u00f3sito Banc\u00e1rio"},"content":{"rendered":"<p>Ol\u00e1,<\/p>\n<p>Voc\u00ea est\u00e1 nesta p\u00e1gina porque j\u00e1 preencheu o formul\u00e1rio de inscri\u00e7\u00e3o e escolheu a op\u00e7\u00e3o de pagamento com boleto banc\u00e1rio.<\/p>\n<p>Seguem dados da conta para dep\u00f3sito. \u00c9 mandat\u00f3rio o envio do seu comprovante em nosso <a href=\"#deposito\">formul\u00e1rio<\/a> abaixo ou para nosso e-mail alacipinstitucional@gmail.com<\/p>\n<p><strong>DADOS DA CONTA<\/strong><\/p>\n<p>Banco Bradesco (237)<br \/>\nAlacip &#8211; Associacao Latino Americana de Ciencia Politica\/Brasil<br \/>\nAg: 0065-5<br \/>\nCC: 315.896-9<br \/>\nCNPJ: 11.863.417\/0001-02<br \/>\nIBAN: BBDEBRSPRJO<\/p>\n<hr \/>\n<p>1) Estudiante de grado (exento del pago de membres\u00eda)<br \/>\n2) Estudiante post-grado (anual) 25 US$.<br \/>\n3) Estudiante de post-grado (tres a\u00f1os): 50 US$.<br \/>\n4) Graduados (acad\u00e9micos, investigadores y profesionales) 50 US$.<br \/>\n5) Graduados (tres a\u00f1os): 100 US$<\/p>\n<p><strong id=\"deposito\">FORMUL\u00c1RIO PARA ENVIO DE COMPROVANTE DE DEP\u00d3SITO<\/strong><br \/>\n\n<div class=\"wpcf7 no-js\" id=\"wpcf7-f18167-o1\" lang=\"es-ES\" dir=\"ltr\" data-wpcf7-id=\"18167\">\n<div class=\"screen-reader-response\"><p role=\"status\" aria-live=\"polite\" aria-atomic=\"true\"><\/p> <ul><\/ul><\/div>\n<form action=\"\/index.php?rest_route=%2Fwp%2Fv2%2Fpages%2F8438#wpcf7-f18167-o1\" method=\"post\" class=\"wpcf7-form init\" aria-label=\"Formulario de contacto\" enctype=\"multipart\/form-data\" novalidate=\"novalidate\" data-status=\"init\">\n<fieldset class=\"hidden-fields-container\"><input type=\"hidden\" name=\"_wpcf7\" value=\"18167\" \/><input type=\"hidden\" name=\"_wpcf7_version\" value=\"6.1.5\" \/><input type=\"hidden\" name=\"_wpcf7_locale\" value=\"es_ES\" \/><input type=\"hidden\" name=\"_wpcf7_unit_tag\" value=\"wpcf7-f18167-o1\" \/><input type=\"hidden\" name=\"_wpcf7_container_post\" value=\"0\" \/><input type=\"hidden\" name=\"_wpcf7_posted_data_hash\" value=\"\" \/><input type=\"hidden\" name=\"_wpcf7_recaptcha_response\" value=\"\" \/>\n<\/fieldset>\n<p><label> Nombre (*)<br \/>\n<span class=\"wpcf7-form-control-wrap\" data-name=\"your-name\"><input size=\"40\" maxlength=\"400\" class=\"wpcf7-form-control wpcf7-text wpcf7-validates-as-required\" aria-required=\"true\" aria-invalid=\"false\" value=\"\" type=\"text\" name=\"your-name\" \/><\/span> <\/label>\n<\/p>\n<p><label> E-mail (*)<br \/>\n<span class=\"wpcf7-form-control-wrap\" data-name=\"your-email\"><input size=\"40\" maxlength=\"400\" class=\"wpcf7-form-control wpcf7-email wpcf7-validates-as-required wpcf7-text wpcf7-validates-as-email\" aria-required=\"true\" aria-invalid=\"false\" value=\"\" type=\"email\" name=\"your-email\" \/><\/span> <\/label>\n<\/p>\n<p><label> Archivo<br \/>\n<span class=\"wpcf7-form-control-wrap\" data-name=\"file-716\"><input size=\"40\" class=\"wpcf7-form-control wpcf7-file\" accept=\".jpg,.png,.pdf,.gif\" aria-invalid=\"false\" type=\"file\" name=\"file-716\" \/><\/span><br \/>\n<\/label>\n<\/p>\n<div class=\"g-recaptcha\" data-sitekey=\"6Lemr3IUAAAAAPn_RKP3SGzzDOA7OMlQAUeuC5FX\">\n<\/div>\n<p><input class=\"wpcf7-form-control wpcf7-submit has-spinner\" type=\"submit\" value=\"Enviar\" \/>\n<\/p><div class=\"wpcf7-response-output\" aria-hidden=\"true\"><\/div>\n<\/form>\n<\/div>\n<\/p>\n","protected":false},"excerpt":{"rendered":"<p>Ol\u00e1, Voc\u00ea est\u00e1 nesta p\u00e1gina porque j\u00e1 preencheu o formul\u00e1rio de inscri\u00e7\u00e3o e escolheu a op\u00e7\u00e3o de pagamento com boleto banc\u00e1rio. Seguem dados da conta para dep\u00f3sito. \u00c9 mandat\u00f3rio o envio do seu comprovante em nosso formul\u00e1rio abaixo ou para nosso e-mail alacipinstitucional@gmail.com DADOS DA CONTA Banco Bradesco (237) Alacip &#8211; Associacao Latino Americana de [&hellip;]<\/p>\n","protected":false},"author":88889,"featured_media":0,"parent":0,"menu_order":0,"comment_status":"closed","ping_status":"closed","template":"","meta":{"_genesis_hide_title":false,"_genesis_hide_breadcrumbs":false,"_genesis_hide_singular_image":false,"_genesis_hide_footer_widgets":false,"_genesis_custom_body_class":"","_genesis_custom_post_class":"","_genesis_layout":"","footnotes":""},"class_list":{"0":"post-8438","1":"page","2":"type-page","3":"status-publish","5":"entry"},"_links":{"self":[{"href":"https:\/\/alacip.org\/index.php?rest_route=\/wp\/v2\/pages\/8438","targetHints":{"allow":["GET"]}}],"collection":[{"href":"https:\/\/alacip.org\/index.php?rest_route=\/wp\/v2\/pages"}],"about":[{"href":"https:\/\/alacip.org\/index.php?rest_route=\/wp\/v2\/types\/page"}],"author":[{"embeddable":true,"href":"https:\/\/alacip.org\/index.php?rest_route=\/wp\/v2\/users\/88889"}],"replies":[{"embeddable":true,"href":"https:\/\/alacip.org\/index.php?rest_route=%2Fwp%2Fv2%2Fcomments&post=8438"}],"version-history":[{"count":7,"href":"https:\/\/alacip.org\/index.php?rest_route=\/wp\/v2\/pages\/8438\/revisions"}],"predecessor-version":[{"id":18168,"href":"https:\/\/alacip.org\/index.php?rest_route=\/wp\/v2\/pages\/8438\/revisions\/18168"}],"wp:attachment":[{"href":"https:\/\/alacip.org\/index.php?rest_route=%2Fwp%2Fv2%2Fmedia&parent=8438"}],"curies":[{"name":"wp","href":"https:\/\/api.w.org\/{rel}","templated":true}]}}