{"id":8464,"date":"2016-09-27T13:12:13","date_gmt":"2016-09-27T16:12:13","guid":{"rendered":"https:\/\/alacip.org\/?page_id=8464"},"modified":"2017-01-19T06:47:39","modified_gmt":"2017-01-19T09:47:39","slug":"paypal-trianual","status":"publish","type":"page","link":"https:\/\/alacip.org\/?page_id=8464","title":{"rendered":"Paypal &#8211; Trianual"},"content":{"rendered":"<form action=\"https:\/\/www.paypal.com\/cgi-bin\/webscr\" method=\"post\" target=\"_top\">\n<input type=\"hidden\" name=\"cmd\" value=\"_s-xclick\"><br \/>\n<input type=\"hidden\" name=\"hosted_button_id\" value=\"UUVH83K39F5SA\"><\/p>\n<table>\n<tr>\n<td><input type=\"hidden\" name=\"on0\" value=\"membres\u00edas trianuales\">membres\u00edas trianuales<\/td>\n<\/tr>\n<tr>\n<td><select name=\"os0\"><option value=\"Estudiante Post-grado (trianual)\">Estudiante Post-grado (trianual) $50,00 USD<\/option><option value=\"Graduados (investigadores, acad\u00e9micos y profesionales) Trianual\">Graduados (investigadores, acad\u00e9micos y profesionales) Trianual $100,00 USD<\/option><\/select> <\/td>\n<\/tr>\n<\/table>\n<p><input type=\"hidden\" name=\"currency_code\" value=\"USD\"><br \/>\n<input type=\"image\" src=\"https:\/\/www.paypalobjects.com\/pt_BR\/BR\/i\/btn\/btn_buynowCC_LG.gif\" border=\"0\" name=\"submit\" alt=\"PayPal - A maneira f\u00e1cil e segura de enviar pagamentos online!\"><br \/>\n<img loading=\"lazy\" decoding=\"async\" alt=\"\" border=\"0\" src=\"https:\/\/www.paypalobjects.com\/pt_BR\/i\/scr\/pixel.gif\" width=\"1\" height=\"1\"><br \/>\n<\/form>\n<p>P\u00e1gina exclus\u00edva para pago de inscripci\u00f3n trianual de membres\u00eda con uso de Paypal.<br \/>\nMensagem para brasileiros ou pessoas com conta de Paypal no Brasil: Use este link para fazer seu pagamento em Reais: <a href=\"https:\/\/alacip.org\/?page_id=9913\">https:\/\/alacip.org\/?page_id=9913<\/a>.<\/p>\n","protected":false},"excerpt":{"rendered":"<p>membres\u00edas trianuales Estudiante Post-grado (trianual) $50,00 USDGraduados (investigadores, acad\u00e9micos y profesionales) Trianual $100,00 USD P\u00e1gina exclus\u00edva para pago de inscripci\u00f3n trianual de membres\u00eda con uso de Paypal. Mensagem para brasileiros ou pessoas com conta de Paypal no Brasil: Use este link para fazer seu pagamento em Reais: https:\/\/alacip.org\/?page_id=9913.<\/p>\n","protected":false},"author":88889,"featured_media":0,"parent":0,"menu_order":0,"comment_status":"closed","ping_status":"closed","template":"","meta":{"_genesis_hide_title":false,"_genesis_hide_breadcrumbs":false,"_genesis_hide_singular_image":false,"_genesis_hide_footer_widgets":false,"_genesis_custom_body_class":"","_genesis_custom_post_class":"","_genesis_layout":"","footnotes":""},"class_list":{"0":"post-8464","1":"page","2":"type-page","3":"status-publish","5":"entry"},"_links":{"self":[{"href":"https:\/\/alacip.org\/index.php?rest_route=\/wp\/v2\/pages\/8464","targetHints":{"allow":["GET"]}}],"collection":[{"href":"https:\/\/alacip.org\/index.php?rest_route=\/wp\/v2\/pages"}],"about":[{"href":"https:\/\/alacip.org\/index.php?rest_route=\/wp\/v2\/types\/page"}],"author":[{"embeddable":true,"href":"https:\/\/alacip.org\/index.php?rest_route=\/wp\/v2\/users\/88889"}],"replies":[{"embeddable":true,"href":"https:\/\/alacip.org\/index.php?rest_route=%2Fwp%2Fv2%2Fcomments&post=8464"}],"version-history":[{"count":6,"href":"https:\/\/alacip.org\/index.php?rest_route=\/wp\/v2\/pages\/8464\/revisions"}],"predecessor-version":[{"id":9919,"href":"https:\/\/alacip.org\/index.php?rest_route=\/wp\/v2\/pages\/8464\/revisions\/9919"}],"wp:attachment":[{"href":"https:\/\/alacip.org\/index.php?rest_route=%2Fwp%2Fv2%2Fmedia&parent=8464"}],"curies":[{"name":"wp","href":"https:\/\/api.w.org\/{rel}","templated":true}]}}