{"id":9913,"date":"2017-01-19T06:26:30","date_gmt":"2017-01-19T09:26:30","guid":{"rendered":"https:\/\/alacip.org\/?page_id=9913"},"modified":"2017-01-19T07:48:26","modified_gmt":"2017-01-19T10:48:26","slug":"pagamento-paypal-brasileiros-membresia","status":"publish","type":"page","link":"https:\/\/alacip.org\/?page_id=9913","title":{"rendered":"Pagamento Paypal Brasileiros (membresia)"},"content":{"rendered":"<p>Esta p\u00e1gina \u00e9 v\u00e1lida apenas para pessoas com conta de paypal no Brasil, que devem enviar o valor em Reais. <\/p>\n<p>Fa\u00e7a o pagamento do valor conforme a modalidade escolhida no formul\u00e1rio, por favor fa\u00e7a a convers\u00e3o para o real pelo d\u00f3lar de venda do dia anterior, pela taxa exposta no Banco Central do Brasil <a href=\"https:\/\/www4.bcb.gov.br\/pec\/taxas\/batch\/taxas.asp?id=txdolar\" target=\"_blank\">https:\/\/www4.bcb.gov.br\/pec\/taxas\/batch\/taxas.asp?id=txdolar<\/a>.<\/p>\n<p>1) Estudiante de grado (exento del pago de membres\u00eda)<br \/>\n2) Estudiante post-grado (anual) 25 US$.<br \/>\n3) Estudiante de posgrado (tres a\u00f1os): 50 US$.<br \/>\n4) Graduados (acad\u00e9micos, investigadores y profesionales) (anua): 50 US$.<br \/>\n5) Graduados (tres a\u00f1os): 100 US$<\/p>\n<form action=\"https:\/\/www.paypal.com\/cgi-bin\/webscr\" method=\"post\" target=\"_top\">\n<input type=\"hidden\" name=\"cmd\" value=\"_s-xclick\"><br \/>\n<input type=\"hidden\" name=\"hosted_button_id\" value=\"GU4KXKANEH9Y4\"><br \/>\n<input type=\"image\" src=\"https:\/\/www.paypalobjects.com\/pt_BR\/BR\/i\/btn\/btn_donateCC_LG.gif\" border=\"0\" name=\"submit\" alt=\"PayPal - A maneira f\u00e1cil e segura de enviar pagamentos online!\"><br \/>\n<img loading=\"lazy\" decoding=\"async\" alt=\"\" border=\"0\" src=\"https:\/\/www.paypalobjects.com\/pt_BR\/i\/scr\/pixel.gif\" width=\"1\" height=\"1\"><br \/>\n<\/form>\n<p><HR><br \/>\nCaso sua conta de Paypal n\u00e3o seja brasileira, use este link <a href=\"https:\/\/alacip.org\/?page_id=8409\">https:\/\/alacip.org\/?page_id=8409<\/a> para acessar o pagamento.<\/p>\n","protected":false},"excerpt":{"rendered":"<p>Esta p\u00e1gina \u00e9 v\u00e1lida apenas para pessoas com conta de paypal no Brasil, que devem enviar o valor em Reais. Fa\u00e7a o pagamento do valor conforme a modalidade escolhida no formul\u00e1rio, por favor fa\u00e7a a convers\u00e3o para o real pelo d\u00f3lar de venda do dia anterior, pela taxa exposta no Banco Central do Brasil https:\/\/www4.bcb.gov.br\/pec\/taxas\/batch\/taxas.asp?id=txdolar. [&hellip;]<\/p>\n","protected":false},"author":88889,"featured_media":0,"parent":0,"menu_order":0,"comment_status":"closed","ping_status":"closed","template":"","meta":{"_genesis_hide_title":false,"_genesis_hide_breadcrumbs":false,"_genesis_hide_singular_image":false,"_genesis_hide_footer_widgets":false,"_genesis_custom_body_class":"","_genesis_custom_post_class":"","_genesis_layout":"","footnotes":""},"class_list":{"0":"post-9913","1":"page","2":"type-page","3":"status-publish","5":"entry"},"_links":{"self":[{"href":"https:\/\/alacip.org\/index.php?rest_route=\/wp\/v2\/pages\/9913","targetHints":{"allow":["GET"]}}],"collection":[{"href":"https:\/\/alacip.org\/index.php?rest_route=\/wp\/v2\/pages"}],"about":[{"href":"https:\/\/alacip.org\/index.php?rest_route=\/wp\/v2\/types\/page"}],"author":[{"embeddable":true,"href":"https:\/\/alacip.org\/index.php?rest_route=\/wp\/v2\/users\/88889"}],"replies":[{"embeddable":true,"href":"https:\/\/alacip.org\/index.php?rest_route=%2Fwp%2Fv2%2Fcomments&post=9913"}],"version-history":[{"count":5,"href":"https:\/\/alacip.org\/index.php?rest_route=\/wp\/v2\/pages\/9913\/revisions"}],"predecessor-version":[{"id":43030,"href":"https:\/\/alacip.org\/index.php?rest_route=\/wp\/v2\/pages\/9913\/revisions\/43030"}],"wp:attachment":[{"href":"https:\/\/alacip.org\/index.php?rest_route=%2Fwp%2Fv2%2Fmedia&parent=9913"}],"curies":[{"name":"wp","href":"https:\/\/api.w.org\/{rel}","templated":true}]}}